{"id":8916,"date":"2025-02-13T13:20:01","date_gmt":"2025-02-13T12:20:01","guid":{"rendered":"https:\/\/www.ecolenormalecortot.com\/?page_id=8916"},"modified":"2025-02-13T16:23:10","modified_gmt":"2025-02-13T15:23:10","slug":"the-salle-cortot","status":"publish","type":"page","link":"https:\/\/www.ecolenormalecortot.com\/en\/the-school\/places\/the-salle-cortot\/","title":{"rendered":"The Salle Cortot"},"content":{"rendered":"\n<p><a href=\"https:\/\/sallecortot.com\/\">The Salle Cortot<\/a>, built in 1929 by architect Auguste Perret, stands out not only for its remarkable architecture, but also for its central role in the musical and educational life of the \u00c9cole. With a capacity of 400, the Salle Cortot is much more than just a concert hall: it&#8217;s a true place of expression for students and young talent.<\/p>\n\n\n\n<figure class=\"wp-block-image size-large\"><img loading=\"lazy\" decoding=\"async\" width=\"1024\" height=\"688\" src=\"https:\/\/www.ecolenormalecortot.com\/wp-content\/uploads\/2025\/02\/LD-20250116-0054-1024x688.jpg\" alt=\"La Salle Cortot\" class=\"wp-image-8906\" style=\"aspect-ratio:16\/9;object-fit:cover\" srcset=\"https:\/\/www.ecolenormalecortot.com\/wp-content\/uploads\/2025\/02\/LD-20250116-0054-1024x688.jpg 1024w, https:\/\/www.ecolenormalecortot.com\/wp-content\/uploads\/2025\/02\/LD-20250116-0054-300x202.jpg 300w, https:\/\/www.ecolenormalecortot.com\/wp-content\/uploads\/2025\/02\/LD-20250116-0054-768x516.jpg 768w, https:\/\/www.ecolenormalecortot.com\/wp-content\/uploads\/2025\/02\/LD-20250116-0054-1536x1032.jpg 1536w, https:\/\/www.ecolenormalecortot.com\/wp-content\/uploads\/2025\/02\/LD-20250116-0054-2048x1376.jpg 2048w, https:\/\/www.ecolenormalecortot.com\/wp-content\/uploads\/2025\/02\/LD-20250116-0054-1320x887.jpg 1320w\" sizes=\"auto, (max-width: 1024px) 100vw, 1024px\" \/><\/figure>\n\n\n\n<h3 class=\"wp-block-heading has-medium-font-size\">12:30 concerts for students<\/h3>\n\n\n\n<p>The 12:30 concerts play a key role in the \u00c9cole Normale de Musique&#8217;s commitment to supporting its students. These concerts are organized in the middle of the day, offering students the chance to perform in public under professional conditions.<\/p>\n\n\n\n<p>The aim is twofold: firstly, to give students the chance to face an audience, refine their interpretation and prepare for more substantial performances, and secondly, to provide a showcase for their talents. These concerts are generally open to all, allowing students to experience a concert in a hall that can accommodate attentive and curious listeners.<\/p>\n\n\n\n<p>St\u00e9phane Fri\u00e9d\u00e9rich coordinates and presents these concerts. After studying history, communications and piano, he worked with the Orchestre de Paris, then the Orchestre symphonique fran\u00e7ais. He then joined the editorial teams of La Lettre du Musicien and Classica magazine as a journalist. His expertise and commitment to music make him a key figure for these concerts and events.<\/p>\n\n\n\n<figure class=\"wp-block-image size-large\"><img loading=\"lazy\" decoding=\"async\" width=\"1024\" height=\"683\" src=\"https:\/\/www.ecolenormalecortot.com\/wp-content\/uploads\/2025\/02\/LD-20250116-0045-2-1024x683.jpg\" alt=\"Concerts de 12h30\" class=\"wp-image-8908\" style=\"aspect-ratio:16\/9;object-fit:cover\" srcset=\"https:\/\/www.ecolenormalecortot.com\/wp-content\/uploads\/2025\/02\/LD-20250116-0045-2-1024x683.jpg 1024w, https:\/\/www.ecolenormalecortot.com\/wp-content\/uploads\/2025\/02\/LD-20250116-0045-2-300x200.jpg 300w, https:\/\/www.ecolenormalecortot.com\/wp-content\/uploads\/2025\/02\/LD-20250116-0045-2-768x512.jpg 768w, https:\/\/www.ecolenormalecortot.com\/wp-content\/uploads\/2025\/02\/LD-20250116-0045-2-1536x1024.jpg 1536w, https:\/\/www.ecolenormalecortot.com\/wp-content\/uploads\/2025\/02\/LD-20250116-0045-2-2048x1365.jpg 2048w, https:\/\/www.ecolenormalecortot.com\/wp-content\/uploads\/2025\/02\/LD-20250116-0045-2-1320x880.jpg 1320w\" sizes=\"auto, (max-width: 1024px) 100vw, 1024px\" \/><\/figure>\n\n\n\n<h3 class=\"wp-block-heading has-medium-font-size\">The Rencontres Musicales de Cortot<\/h3>\n\n\n\n<p>The Rencontres Musicales de Cortot is another highlight of the hall&#8217;s musical calendar. This program is an opportunity for top-level musicians, often from the school or specially invited, to perform in more formal concerts. These encounters are a platform for students and professionals alike, offering them an opportunity to showcase their work in a prestigious setting.<\/p>\n\n\n\n<p>The Rencontres Musicales de Cortot go beyond concerts: they also include masterclasses, where internationally renowned artists come to share their expertise and know-how. These events are privileged moments of transmission and exchange, enabling students to enrich their practice and interact with masters of the musical world.<\/p>\n\n\n\n<h3 class=\"wp-block-heading has-medium-font-size\">An exceptional venue for music<\/h3>\n\n\n\n<p>The hall itself, an Art Deco masterpiece, is a real gem in terms of acoustics. Its design is reminiscent of a violin&#8217;s resonance box, making it an ideal space for quality musical performances. Its classification as a Monument Historique underlines the importance of this venue, not only as a place of learning, but also as part of Paris&#8217;s cultural heritage. It has played host to some of the greatest names in classical music, and continues to be a beacon for the \u00c9cole Normale de Musique throughout the world.<\/p>\n\n\n\n<p>The Salle Cortot is therefore a true crossroads of musical education and performance, where tradition and innovation meet, and where young musicians can gain valuable experience that will accompany them throughout their careers.<\/p>\n\n\n\n<figure class=\"wp-block-image size-large\"><img loading=\"lazy\" decoding=\"async\" width=\"1024\" height=\"683\" src=\"https:\/\/www.ecolenormalecortot.com\/wp-content\/uploads\/2025\/02\/LD-20250116-0055-1024x683.jpg\" alt=\"La Salle Cortot\" class=\"wp-image-8910\" style=\"aspect-ratio:16\/9;object-fit:cover\" srcset=\"https:\/\/www.ecolenormalecortot.com\/wp-content\/uploads\/2025\/02\/LD-20250116-0055-1024x683.jpg 1024w, https:\/\/www.ecolenormalecortot.com\/wp-content\/uploads\/2025\/02\/LD-20250116-0055-300x200.jpg 300w, https:\/\/www.ecolenormalecortot.com\/wp-content\/uploads\/2025\/02\/LD-20250116-0055-768x512.jpg 768w, https:\/\/www.ecolenormalecortot.com\/wp-content\/uploads\/2025\/02\/LD-20250116-0055-1536x1024.jpg 1536w, https:\/\/www.ecolenormalecortot.com\/wp-content\/uploads\/2025\/02\/LD-20250116-0055-2048x1365.jpg 2048w, https:\/\/www.ecolenormalecortot.com\/wp-content\/uploads\/2025\/02\/LD-20250116-0055-1320x880.jpg 1320w\" sizes=\"auto, (max-width: 1024px) 100vw, 1024px\" \/><\/figure>\n\n\n\r\n    <a href=\"https:\/\/www.ecolenormalecortot.com\/en\/events\/\" target=\"_blank\" class=\"block-cta style-cta\">\r\n        Discover our events at Salle Cortot    <\/a>\r\n","protected":false},"excerpt":{"rendered":"<p>The Salle Cortot, built in 1929 by architect Auguste Perret, stands out not only for its remarkable architecture, but also [&hellip;]<\/p>\n","protected":false},"author":8,"featured_media":0,"parent":866,"menu_order":0,"comment_status":"closed","ping_status":"closed","template":"","meta":{"_acf_changed":false,"footnotes":""},"class_list":["post-8916","page","type-page","status-publish","hentry"],"acf":[],"yoast_head":"<!-- This site is optimized with the Yoast SEO plugin v27.5 - https:\/\/yoast.com\/product\/yoast-seo-wordpress\/ -->\n<title>The Salle Cortot - Ecole Normale de Musique de Paris<\/title>\n<meta name=\"description\" content=\"The Salle Cortot, with its exceptional acoustics and architecture, is a unique space dedicated to musical culture.\" \/>\n<meta name=\"robots\" content=\"index, follow, max-snippet:-1, max-image-preview:large, max-video-preview:-1\" \/>\n<link rel=\"canonical\" href=\"https:\/\/www.ecolenormalecortot.com\/en\/the-school\/places\/the-salle-cortot\/\" \/>\n<meta property=\"og:locale\" content=\"en_US\" \/>\n<meta property=\"og:type\" content=\"article\" \/>\n<meta property=\"og:title\" content=\"The Salle Cortot - Ecole Normale de Musique de Paris\" \/>\n<meta property=\"og:description\" content=\"The Salle Cortot, with its exceptional acoustics and architecture, is a unique space dedicated to musical culture.\" \/>\n<meta property=\"og:url\" content=\"https:\/\/www.ecolenormalecortot.com\/en\/the-school\/places\/the-salle-cortot\/\" \/>\n<meta property=\"og:site_name\" content=\"Ecole Normale de Musique de Paris\" \/>\n<meta property=\"article:modified_time\" content=\"2025-02-13T15:23:10+00:00\" \/>\n<meta property=\"og:image\" content=\"https:\/\/www.ecolenormalecortot.com\/wp-content\/uploads\/2025\/02\/LD-20250116-0054-scaled.jpg\" \/>\n\t<meta property=\"og:image:width\" content=\"2560\" \/>\n\t<meta property=\"og:image:height\" content=\"1721\" \/>\n\t<meta property=\"og:image:type\" content=\"image\/jpeg\" \/>\n<meta name=\"twitter:card\" content=\"summary_large_image\" \/>\n<meta name=\"twitter:label1\" content=\"Est. reading time\" \/>\n\t<meta name=\"twitter:data1\" content=\"3 minutes\" \/>\n<script type=\"application\/ld+json\" class=\"yoast-schema-graph\">{\"@context\":\"https:\\\/\\\/schema.org\",\"@graph\":[{\"@type\":\"WebPage\",\"@id\":\"https:\\\/\\\/www.ecolenormalecortot.com\\\/en\\\/the-school\\\/places\\\/the-salle-cortot\\\/\",\"url\":\"https:\\\/\\\/www.ecolenormalecortot.com\\\/en\\\/the-school\\\/places\\\/the-salle-cortot\\\/\",\"name\":\"The Salle Cortot - Ecole Normale de Musique de Paris\",\"isPartOf\":{\"@id\":\"https:\\\/\\\/www.ecolenormalecortot.com\\\/en\\\/#website\"},\"primaryImageOfPage\":{\"@id\":\"https:\\\/\\\/www.ecolenormalecortot.com\\\/en\\\/the-school\\\/places\\\/the-salle-cortot\\\/#primaryimage\"},\"image\":{\"@id\":\"https:\\\/\\\/www.ecolenormalecortot.com\\\/en\\\/the-school\\\/places\\\/the-salle-cortot\\\/#primaryimage\"},\"thumbnailUrl\":\"https:\\\/\\\/www.ecolenormalecortot.com\\\/wp-content\\\/uploads\\\/2025\\\/02\\\/LD-20250116-0054-1024x688.jpg\",\"datePublished\":\"2025-02-13T12:20:01+00:00\",\"dateModified\":\"2025-02-13T15:23:10+00:00\",\"description\":\"The Salle Cortot, with its exceptional acoustics and architecture, is a unique space dedicated to musical culture.\",\"breadcrumb\":{\"@id\":\"https:\\\/\\\/www.ecolenormalecortot.com\\\/en\\\/the-school\\\/places\\\/the-salle-cortot\\\/#breadcrumb\"},\"inLanguage\":\"en-US\",\"potentialAction\":[{\"@type\":\"ReadAction\",\"target\":[\"https:\\\/\\\/www.ecolenormalecortot.com\\\/en\\\/the-school\\\/places\\\/the-salle-cortot\\\/\"]}]},{\"@type\":\"ImageObject\",\"inLanguage\":\"en-US\",\"@id\":\"https:\\\/\\\/www.ecolenormalecortot.com\\\/en\\\/the-school\\\/places\\\/the-salle-cortot\\\/#primaryimage\",\"url\":\"https:\\\/\\\/www.ecolenormalecortot.com\\\/wp-content\\\/uploads\\\/2025\\\/02\\\/LD-20250116-0054-1024x688.jpg\",\"contentUrl\":\"https:\\\/\\\/www.ecolenormalecortot.com\\\/wp-content\\\/uploads\\\/2025\\\/02\\\/LD-20250116-0054-1024x688.jpg\"},{\"@type\":\"BreadcrumbList\",\"@id\":\"https:\\\/\\\/www.ecolenormalecortot.com\\\/en\\\/the-school\\\/places\\\/the-salle-cortot\\\/#breadcrumb\",\"itemListElement\":[{\"@type\":\"ListItem\",\"position\":1,\"name\":\"Accueil\",\"item\":\"https:\\\/\\\/www.ecolenormalecortot.com\\\/en\\\/\"},{\"@type\":\"ListItem\",\"position\":2,\"name\":\"The School\",\"item\":\"https:\\\/\\\/www.ecolenormalecortot.com\\\/en\\\/the-school\\\/\"},{\"@type\":\"ListItem\",\"position\":3,\"name\":\"Places\",\"item\":\"https:\\\/\\\/www.ecolenormalecortot.com\\\/en\\\/the-school\\\/places\\\/\"},{\"@type\":\"ListItem\",\"position\":4,\"name\":\"The Salle Cortot\"}]},{\"@type\":\"WebSite\",\"@id\":\"https:\\\/\\\/www.ecolenormalecortot.com\\\/en\\\/#website\",\"url\":\"https:\\\/\\\/www.ecolenormalecortot.com\\\/en\\\/\",\"name\":\"Ecole Normale de Musique de Paris\",\"description\":\"\",\"publisher\":{\"@id\":\"https:\\\/\\\/www.ecolenormalecortot.com\\\/en\\\/#organization\"},\"potentialAction\":[{\"@type\":\"SearchAction\",\"target\":{\"@type\":\"EntryPoint\",\"urlTemplate\":\"https:\\\/\\\/www.ecolenormalecortot.com\\\/en\\\/?s={search_term_string}\"},\"query-input\":{\"@type\":\"PropertyValueSpecification\",\"valueRequired\":true,\"valueName\":\"search_term_string\"}}],\"inLanguage\":\"en-US\"},{\"@type\":\"Organization\",\"@id\":\"https:\\\/\\\/www.ecolenormalecortot.com\\\/en\\\/#organization\",\"name\":\"Ecole Normale de Musique de Paris\",\"url\":\"https:\\\/\\\/www.ecolenormalecortot.com\\\/en\\\/\",\"logo\":{\"@type\":\"ImageObject\",\"inLanguage\":\"en-US\",\"@id\":\"https:\\\/\\\/www.ecolenormalecortot.com\\\/en\\\/#\\\/schema\\\/logo\\\/image\\\/\",\"url\":\"https:\\\/\\\/www.ecolenormalecortot.com\\\/wp-content\\\/uploads\\\/2023\\\/02\\\/android-chrome-512x512-1.png\",\"contentUrl\":\"https:\\\/\\\/www.ecolenormalecortot.com\\\/wp-content\\\/uploads\\\/2023\\\/02\\\/android-chrome-512x512-1.png\",\"width\":512,\"height\":512,\"caption\":\"Ecole Normale de Musique de Paris\"},\"image\":{\"@id\":\"https:\\\/\\\/www.ecolenormalecortot.com\\\/en\\\/#\\\/schema\\\/logo\\\/image\\\/\"}}]}<\/script>\n<!-- \/ Yoast SEO plugin. -->","yoast_head_json":{"title":"The Salle Cortot - Ecole Normale de Musique de Paris","description":"The Salle Cortot, with its exceptional acoustics and architecture, is a unique space dedicated to musical culture.","robots":{"index":"index","follow":"follow","max-snippet":"max-snippet:-1","max-image-preview":"max-image-preview:large","max-video-preview":"max-video-preview:-1"},"canonical":"https:\/\/www.ecolenormalecortot.com\/en\/the-school\/places\/the-salle-cortot\/","og_locale":"en_US","og_type":"article","og_title":"The Salle Cortot - Ecole Normale de Musique de Paris","og_description":"The Salle Cortot, with its exceptional acoustics and architecture, is a unique space dedicated to musical culture.","og_url":"https:\/\/www.ecolenormalecortot.com\/en\/the-school\/places\/the-salle-cortot\/","og_site_name":"Ecole Normale de Musique de Paris","article_modified_time":"2025-02-13T15:23:10+00:00","og_image":[{"width":2560,"height":1721,"url":"https:\/\/www.ecolenormalecortot.com\/wp-content\/uploads\/2025\/02\/LD-20250116-0054-scaled.jpg","type":"image\/jpeg"}],"twitter_card":"summary_large_image","twitter_misc":{"Est. reading time":"3 minutes"},"schema":{"@context":"https:\/\/schema.org","@graph":[{"@type":"WebPage","@id":"https:\/\/www.ecolenormalecortot.com\/en\/the-school\/places\/the-salle-cortot\/","url":"https:\/\/www.ecolenormalecortot.com\/en\/the-school\/places\/the-salle-cortot\/","name":"The Salle Cortot - Ecole Normale de Musique de Paris","isPartOf":{"@id":"https:\/\/www.ecolenormalecortot.com\/en\/#website"},"primaryImageOfPage":{"@id":"https:\/\/www.ecolenormalecortot.com\/en\/the-school\/places\/the-salle-cortot\/#primaryimage"},"image":{"@id":"https:\/\/www.ecolenormalecortot.com\/en\/the-school\/places\/the-salle-cortot\/#primaryimage"},"thumbnailUrl":"https:\/\/www.ecolenormalecortot.com\/wp-content\/uploads\/2025\/02\/LD-20250116-0054-1024x688.jpg","datePublished":"2025-02-13T12:20:01+00:00","dateModified":"2025-02-13T15:23:10+00:00","description":"The Salle Cortot, with its exceptional acoustics and architecture, is a unique space dedicated to musical culture.","breadcrumb":{"@id":"https:\/\/www.ecolenormalecortot.com\/en\/the-school\/places\/the-salle-cortot\/#breadcrumb"},"inLanguage":"en-US","potentialAction":[{"@type":"ReadAction","target":["https:\/\/www.ecolenormalecortot.com\/en\/the-school\/places\/the-salle-cortot\/"]}]},{"@type":"ImageObject","inLanguage":"en-US","@id":"https:\/\/www.ecolenormalecortot.com\/en\/the-school\/places\/the-salle-cortot\/#primaryimage","url":"https:\/\/www.ecolenormalecortot.com\/wp-content\/uploads\/2025\/02\/LD-20250116-0054-1024x688.jpg","contentUrl":"https:\/\/www.ecolenormalecortot.com\/wp-content\/uploads\/2025\/02\/LD-20250116-0054-1024x688.jpg"},{"@type":"BreadcrumbList","@id":"https:\/\/www.ecolenormalecortot.com\/en\/the-school\/places\/the-salle-cortot\/#breadcrumb","itemListElement":[{"@type":"ListItem","position":1,"name":"Accueil","item":"https:\/\/www.ecolenormalecortot.com\/en\/"},{"@type":"ListItem","position":2,"name":"The School","item":"https:\/\/www.ecolenormalecortot.com\/en\/the-school\/"},{"@type":"ListItem","position":3,"name":"Places","item":"https:\/\/www.ecolenormalecortot.com\/en\/the-school\/places\/"},{"@type":"ListItem","position":4,"name":"The Salle Cortot"}]},{"@type":"WebSite","@id":"https:\/\/www.ecolenormalecortot.com\/en\/#website","url":"https:\/\/www.ecolenormalecortot.com\/en\/","name":"Ecole Normale de Musique de Paris","description":"","publisher":{"@id":"https:\/\/www.ecolenormalecortot.com\/en\/#organization"},"potentialAction":[{"@type":"SearchAction","target":{"@type":"EntryPoint","urlTemplate":"https:\/\/www.ecolenormalecortot.com\/en\/?s={search_term_string}"},"query-input":{"@type":"PropertyValueSpecification","valueRequired":true,"valueName":"search_term_string"}}],"inLanguage":"en-US"},{"@type":"Organization","@id":"https:\/\/www.ecolenormalecortot.com\/en\/#organization","name":"Ecole Normale de Musique de Paris","url":"https:\/\/www.ecolenormalecortot.com\/en\/","logo":{"@type":"ImageObject","inLanguage":"en-US","@id":"https:\/\/www.ecolenormalecortot.com\/en\/#\/schema\/logo\/image\/","url":"https:\/\/www.ecolenormalecortot.com\/wp-content\/uploads\/2023\/02\/android-chrome-512x512-1.png","contentUrl":"https:\/\/www.ecolenormalecortot.com\/wp-content\/uploads\/2023\/02\/android-chrome-512x512-1.png","width":512,"height":512,"caption":"Ecole Normale de Musique de Paris"},"image":{"@id":"https:\/\/www.ecolenormalecortot.com\/en\/#\/schema\/logo\/image\/"}}]}},"_links":{"self":[{"href":"https:\/\/www.ecolenormalecortot.com\/en\/wp-json\/wp\/v2\/pages\/8916","targetHints":{"allow":["GET"]}}],"collection":[{"href":"https:\/\/www.ecolenormalecortot.com\/en\/wp-json\/wp\/v2\/pages"}],"about":[{"href":"https:\/\/www.ecolenormalecortot.com\/en\/wp-json\/wp\/v2\/types\/page"}],"author":[{"embeddable":true,"href":"https:\/\/www.ecolenormalecortot.com\/en\/wp-json\/wp\/v2\/users\/8"}],"replies":[{"embeddable":true,"href":"https:\/\/www.ecolenormalecortot.com\/en\/wp-json\/wp\/v2\/comments?post=8916"}],"version-history":[{"count":1,"href":"https:\/\/www.ecolenormalecortot.com\/en\/wp-json\/wp\/v2\/pages\/8916\/revisions"}],"predecessor-version":[{"id":8917,"href":"https:\/\/www.ecolenormalecortot.com\/en\/wp-json\/wp\/v2\/pages\/8916\/revisions\/8917"}],"up":[{"embeddable":true,"href":"https:\/\/www.ecolenormalecortot.com\/en\/wp-json\/wp\/v2\/pages\/866"}],"wp:attachment":[{"href":"https:\/\/www.ecolenormalecortot.com\/en\/wp-json\/wp\/v2\/media?parent=8916"}],"curies":[{"name":"wp","href":"https:\/\/api.w.org\/{rel}","templated":true}]}}