{"id":7938,"date":"2024-12-16T13:22:54","date_gmt":"2024-12-16T12:22:54","guid":{"rendered":"https:\/\/www.ecolenormalecortot.com\/?page_id=7938"},"modified":"2025-12-16T11:49:13","modified_gmt":"2025-12-16T10:49:13","slug":"programme-alumni-2","status":"publish","type":"page","link":"https:\/\/www.ecolenormalecortot.com\/en\/professional-integration\/programme-alumni-2\/","title":{"rendered":"Alumni Programme"},"content":{"rendered":"\n<p>The life of the \u00c9cole Normale de Musique de Paris extends far beyond its walls. Its former students, the pillars of its international reputation, are an integral part of its cultural heritage.<\/p>\n\n\n\n<p>The Alumni programme has been set up to maintain special contact with students who wish to remain close to the school. By bringing members together and connecting them, it aims to strengthen the commitment of the community of students and alumni in a dynamic and motivating network.<\/p>\n\n\n<div class=\"wp-block-image\">\n<figure class=\"aligncenter size-large is-resized\"><img loading=\"lazy\" decoding=\"async\" width=\"1024\" height=\"1024\" src=\"https:\/\/www.ecolenormalecortot.com\/wp-content\/uploads\/2024\/03\/8-1024x1024.png\" alt=\"\" class=\"wp-image-5626\" style=\"width:92px;height:auto\" srcset=\"https:\/\/www.ecolenormalecortot.com\/wp-content\/uploads\/2024\/03\/8-1024x1024.png 1024w, https:\/\/www.ecolenormalecortot.com\/wp-content\/uploads\/2024\/03\/8-300x300.png 300w, https:\/\/www.ecolenormalecortot.com\/wp-content\/uploads\/2024\/03\/8-150x150.png 150w, https:\/\/www.ecolenormalecortot.com\/wp-content\/uploads\/2024\/03\/8-768x768.png 768w, https:\/\/www.ecolenormalecortot.com\/wp-content\/uploads\/2024\/03\/8.png 1080w\" sizes=\"auto, (max-width: 1024px) 100vw, 1024px\" \/><\/figure>\n<\/div>\n\n\n<h4 class=\"wp-block-heading has-medium-font-size\">Join the Alumni programme!<\/h4>\n\n\n\n<p>Are you a graduate of the \u00c9cole Normale de Musique de Paris? Join the School&#8217;s Alumni programme!<\/p>\n\n\n\n<p><strong>Enjoy the benefits reserved for its members<\/strong> (thanks to the Alumni card):<\/p>\n\n\n\n<ul class=\"wp-block-list\">\n<li>Invitations to the Rencontres musicales de Cortot  and other events organized by the \u00c9cole Normale de Musique de Paris <em>(subject to availability)<\/em><\/li>\n\n\n\n<li>Preferential rates for enrolment in academies or courses organised by the School<\/li>\n\n\n\n<li>10% discount on the rental price of the Salle Cortot (subject to availability)<\/li>\n\n\n\n<li>Reserved access to the alumni directory<\/li>\n\n\n\n<li>Subscription to the Alumni newsletter with concert announcements, classified ads and special offers\u2026<\/li>\n<\/ul>\n\n\n\n<div class=\"wp-block-columns is-layout-flex wp-container-core-columns-is-layout-9d6595d7 wp-block-columns-is-layout-flex\"><\/div>\n\n\n\n<p><strong>Join one of the School&#8217;s circle of donors<\/strong><\/p>\n\n\n\n<p>Find out how you can support the School in the development of its projects and its missions, and help the music of tomorrow to shine!<\/p>\n\n\n\n<div class=\"wp-block-columns is-layout-flex wp-container-core-columns-is-layout-9d6595d7 wp-block-columns-is-layout-flex\">\n<div class=\"wp-block-column is-layout-flow wp-block-column-is-layout-flow\">\n<div class=\"wp-block-buttons is-content-justification-center is-layout-flex wp-container-core-buttons-is-layout-16018d1d wp-block-buttons-is-layout-flex\">\n<div class=\"wp-block-button\"><a class=\"wp-block-button__link has-white-color has-vivid-green-cyan-background-color has-text-color has-background has-link-color has-small-font-size has-custom-font-size wp-element-button\" href=\"https:\/\/www.ecolenormalecortot.com\/en\/support-us\/faire-un-don\/\" style=\"border-radius:17px\"><strong>support the School<\/strong><\/a><\/div>\n<\/div>\n<\/div>\n<\/div>\n\n\n\n<p><strong>Help us enrich the relationship between students and alumni<\/strong><\/p>\n\n\n\n<p>Your support can take various forms:<\/p>\n\n\n\n<ul class=\"wp-block-list\">\n<li>subscribing to the directory<\/li>\n\n\n\n<li>taking part in exchanges or meetings with students<\/li>\n\n\n\n<li>guiding a foreign student in Paris or abroad<\/li>\n\n\n\n<li>helping us find former students<\/li>\n\n\n\n<li>contributing to the newsletter<\/li>\n\n\n\n<li>etc.<\/li>\n<\/ul>\n\n\n\n<p class=\"has-text-align-right\">For further information, please contact<br>Cl\u00e9mence Guibout | <a href=\"mailto:alumni@enmp.fr\">alumni@enmp.f<\/a><\/p>\n\n\n\n<p><br><\/p>\n\n\n\n<hr class=\"wp-block-separator has-text-color has-luminous-vivid-amber-color has-alpha-channel-opacity has-luminous-vivid-amber-background-color has-background is-style-default\"\/>\n\n\n\n<h5 class=\"wp-block-heading has-text-align-left\">Application form<\/h5>\n\n\n<div class=\"wp-block-image\">\n<figure class=\"alignright size-large is-resized\"><img loading=\"lazy\" decoding=\"async\" width=\"1024\" height=\"768\" src=\"https:\/\/www.ecolenormalecortot.com\/wp-content\/uploads\/2025\/01\/DSCF8513-1024x768.jpg\" alt=\"\" class=\"wp-image-8166\" style=\"width:246px;height:auto\" srcset=\"https:\/\/www.ecolenormalecortot.com\/wp-content\/uploads\/2025\/01\/DSCF8513-1024x768.jpg 1024w, https:\/\/www.ecolenormalecortot.com\/wp-content\/uploads\/2025\/01\/DSCF8513-300x225.jpg 300w, https:\/\/www.ecolenormalecortot.com\/wp-content\/uploads\/2025\/01\/DSCF8513-768x576.jpg 768w, https:\/\/www.ecolenormalecortot.com\/wp-content\/uploads\/2025\/01\/DSCF8513-1536x1152.jpg 1536w, https:\/\/www.ecolenormalecortot.com\/wp-content\/uploads\/2025\/01\/DSCF8513-2048x1536.jpg 2048w, https:\/\/www.ecolenormalecortot.com\/wp-content\/uploads\/2025\/01\/DSCF8513-1320x990.jpg 1320w\" sizes=\"auto, (max-width: 1024px) 100vw, 1024px\" \/><\/figure>\n<\/div>\n\n\n<div class=\"wp-block-contact-form-7-contact-form-selector\"><p class=\"wpcf7-contact-form-not-found\"><strong>Error:<\/strong> Contact form not found.<\/p><\/div>\n\n\n\n<p><\/p>\n","protected":false},"excerpt":{"rendered":"<p>Vous \u00eates ancien \u00e9l\u00e8ve de l&#8217;\u00c9cole et vous souhaitez nous rejoindre ? Inscrivez-vous et profitez des avantages de la carte Alumni ! <\/p>\n","protected":false},"author":1,"featured_media":8165,"parent":1445,"menu_order":0,"comment_status":"closed","ping_status":"closed","template":"","meta":{"_acf_changed":false,"footnotes":""},"class_list":["post-7938","page","type-page","status-publish","has-post-thumbnail","hentry"],"acf":[],"yoast_head":"<!-- This site is optimized with the Yoast SEO plugin v27.3 - https:\/\/yoast.com\/product\/yoast-seo-wordpress\/ -->\n<title>Alumni Programme - Ecole Normale de Musique de Paris<\/title>\n<meta name=\"robots\" content=\"index, follow, max-snippet:-1, max-image-preview:large, max-video-preview:-1\" \/>\n<link rel=\"canonical\" href=\"https:\/\/www.ecolenormalecortot.com\/en\/professional-integration\/programme-alumni-2\/\" \/>\n<meta property=\"og:locale\" content=\"en_US\" \/>\n<meta property=\"og:type\" content=\"article\" \/>\n<meta property=\"og:title\" content=\"Alumni Programme - Ecole Normale de Musique de Paris\" \/>\n<meta property=\"og:description\" content=\"Vous \u00eates ancien \u00e9l\u00e8ve de l&#039;\u00c9cole et vous souhaitez nous rejoindre ? Inscrivez-vous et profitez des avantages de la carte Alumni !\" \/>\n<meta property=\"og:url\" content=\"https:\/\/www.ecolenormalecortot.com\/en\/professional-integration\/programme-alumni-2\/\" \/>\n<meta property=\"og:site_name\" content=\"Ecole Normale de Musique de Paris\" \/>\n<meta property=\"article:modified_time\" content=\"2025-12-16T10:49:13+00:00\" \/>\n<meta property=\"og:image\" content=\"https:\/\/www.ecolenormalecortot.com\/wp-content\/uploads\/2025\/01\/DSCF7092-scaled.jpg\" \/>\n\t<meta property=\"og:image:width\" content=\"2560\" \/>\n\t<meta property=\"og:image:height\" content=\"1920\" \/>\n\t<meta property=\"og:image:type\" content=\"image\/jpeg\" \/>\n<meta name=\"twitter:card\" content=\"summary_large_image\" \/>\n<meta name=\"twitter:label1\" content=\"Est. reading time\" \/>\n\t<meta name=\"twitter:data1\" content=\"2 minutes\" \/>\n<script type=\"application\/ld+json\" class=\"yoast-schema-graph\">{\"@context\":\"https:\\\/\\\/schema.org\",\"@graph\":[{\"@type\":\"WebPage\",\"@id\":\"https:\\\/\\\/www.ecolenormalecortot.com\\\/en\\\/professional-integration\\\/programme-alumni-2\\\/\",\"url\":\"https:\\\/\\\/www.ecolenormalecortot.com\\\/en\\\/professional-integration\\\/programme-alumni-2\\\/\",\"name\":\"Alumni Programme - Ecole Normale de Musique de Paris\",\"isPartOf\":{\"@id\":\"https:\\\/\\\/www.ecolenormalecortot.com\\\/en\\\/#website\"},\"primaryImageOfPage\":{\"@id\":\"https:\\\/\\\/www.ecolenormalecortot.com\\\/en\\\/professional-integration\\\/programme-alumni-2\\\/#primaryimage\"},\"image\":{\"@id\":\"https:\\\/\\\/www.ecolenormalecortot.com\\\/en\\\/professional-integration\\\/programme-alumni-2\\\/#primaryimage\"},\"thumbnailUrl\":\"https:\\\/\\\/www.ecolenormalecortot.com\\\/wp-content\\\/uploads\\\/2025\\\/01\\\/DSCF7092-scaled.jpg\",\"datePublished\":\"2024-12-16T12:22:54+00:00\",\"dateModified\":\"2025-12-16T10:49:13+00:00\",\"breadcrumb\":{\"@id\":\"https:\\\/\\\/www.ecolenormalecortot.com\\\/en\\\/professional-integration\\\/programme-alumni-2\\\/#breadcrumb\"},\"inLanguage\":\"en-US\",\"potentialAction\":[{\"@type\":\"ReadAction\",\"target\":[\"https:\\\/\\\/www.ecolenormalecortot.com\\\/en\\\/professional-integration\\\/programme-alumni-2\\\/\"]}]},{\"@type\":\"ImageObject\",\"inLanguage\":\"en-US\",\"@id\":\"https:\\\/\\\/www.ecolenormalecortot.com\\\/en\\\/professional-integration\\\/programme-alumni-2\\\/#primaryimage\",\"url\":\"https:\\\/\\\/www.ecolenormalecortot.com\\\/wp-content\\\/uploads\\\/2025\\\/01\\\/DSCF7092-scaled.jpg\",\"contentUrl\":\"https:\\\/\\\/www.ecolenormalecortot.com\\\/wp-content\\\/uploads\\\/2025\\\/01\\\/DSCF7092-scaled.jpg\",\"width\":2560,\"height\":1920},{\"@type\":\"BreadcrumbList\",\"@id\":\"https:\\\/\\\/www.ecolenormalecortot.com\\\/en\\\/professional-integration\\\/programme-alumni-2\\\/#breadcrumb\",\"itemListElement\":[{\"@type\":\"ListItem\",\"position\":1,\"name\":\"Accueil\",\"item\":\"https:\\\/\\\/www.ecolenormalecortot.com\\\/en\\\/\"},{\"@type\":\"ListItem\",\"position\":2,\"name\":\"Professional integration\",\"item\":\"https:\\\/\\\/www.ecolenormalecortot.com\\\/en\\\/professional-integration\\\/\"},{\"@type\":\"ListItem\",\"position\":3,\"name\":\"Alumni Programme\"}]},{\"@type\":\"WebSite\",\"@id\":\"https:\\\/\\\/www.ecolenormalecortot.com\\\/en\\\/#website\",\"url\":\"https:\\\/\\\/www.ecolenormalecortot.com\\\/en\\\/\",\"name\":\"Ecole Normale de Musique de Paris\",\"description\":\"\",\"publisher\":{\"@id\":\"https:\\\/\\\/www.ecolenormalecortot.com\\\/en\\\/#organization\"},\"potentialAction\":[{\"@type\":\"SearchAction\",\"target\":{\"@type\":\"EntryPoint\",\"urlTemplate\":\"https:\\\/\\\/www.ecolenormalecortot.com\\\/en\\\/?s={search_term_string}\"},\"query-input\":{\"@type\":\"PropertyValueSpecification\",\"valueRequired\":true,\"valueName\":\"search_term_string\"}}],\"inLanguage\":\"en-US\"},{\"@type\":\"Organization\",\"@id\":\"https:\\\/\\\/www.ecolenormalecortot.com\\\/en\\\/#organization\",\"name\":\"Ecole Normale de Musique de Paris\",\"url\":\"https:\\\/\\\/www.ecolenormalecortot.com\\\/en\\\/\",\"logo\":{\"@type\":\"ImageObject\",\"inLanguage\":\"en-US\",\"@id\":\"https:\\\/\\\/www.ecolenormalecortot.com\\\/en\\\/#\\\/schema\\\/logo\\\/image\\\/\",\"url\":\"https:\\\/\\\/www.ecolenormalecortot.com\\\/wp-content\\\/uploads\\\/2023\\\/02\\\/android-chrome-512x512-1.png\",\"contentUrl\":\"https:\\\/\\\/www.ecolenormalecortot.com\\\/wp-content\\\/uploads\\\/2023\\\/02\\\/android-chrome-512x512-1.png\",\"width\":512,\"height\":512,\"caption\":\"Ecole Normale de Musique de Paris\"},\"image\":{\"@id\":\"https:\\\/\\\/www.ecolenormalecortot.com\\\/en\\\/#\\\/schema\\\/logo\\\/image\\\/\"}}]}<\/script>\n<!-- \/ Yoast SEO plugin. -->","yoast_head_json":{"title":"Alumni Programme - Ecole Normale de Musique de Paris","robots":{"index":"index","follow":"follow","max-snippet":"max-snippet:-1","max-image-preview":"max-image-preview:large","max-video-preview":"max-video-preview:-1"},"canonical":"https:\/\/www.ecolenormalecortot.com\/en\/professional-integration\/programme-alumni-2\/","og_locale":"en_US","og_type":"article","og_title":"Alumni Programme - Ecole Normale de Musique de Paris","og_description":"Vous \u00eates ancien \u00e9l\u00e8ve de l'\u00c9cole et vous souhaitez nous rejoindre ? Inscrivez-vous et profitez des avantages de la carte Alumni !","og_url":"https:\/\/www.ecolenormalecortot.com\/en\/professional-integration\/programme-alumni-2\/","og_site_name":"Ecole Normale de Musique de Paris","article_modified_time":"2025-12-16T10:49:13+00:00","og_image":[{"width":2560,"height":1920,"url":"https:\/\/www.ecolenormalecortot.com\/wp-content\/uploads\/2025\/01\/DSCF7092-scaled.jpg","type":"image\/jpeg"}],"twitter_card":"summary_large_image","twitter_misc":{"Est. reading time":"2 minutes"},"schema":{"@context":"https:\/\/schema.org","@graph":[{"@type":"WebPage","@id":"https:\/\/www.ecolenormalecortot.com\/en\/professional-integration\/programme-alumni-2\/","url":"https:\/\/www.ecolenormalecortot.com\/en\/professional-integration\/programme-alumni-2\/","name":"Alumni Programme - Ecole Normale de Musique de Paris","isPartOf":{"@id":"https:\/\/www.ecolenormalecortot.com\/en\/#website"},"primaryImageOfPage":{"@id":"https:\/\/www.ecolenormalecortot.com\/en\/professional-integration\/programme-alumni-2\/#primaryimage"},"image":{"@id":"https:\/\/www.ecolenormalecortot.com\/en\/professional-integration\/programme-alumni-2\/#primaryimage"},"thumbnailUrl":"https:\/\/www.ecolenormalecortot.com\/wp-content\/uploads\/2025\/01\/DSCF7092-scaled.jpg","datePublished":"2024-12-16T12:22:54+00:00","dateModified":"2025-12-16T10:49:13+00:00","breadcrumb":{"@id":"https:\/\/www.ecolenormalecortot.com\/en\/professional-integration\/programme-alumni-2\/#breadcrumb"},"inLanguage":"en-US","potentialAction":[{"@type":"ReadAction","target":["https:\/\/www.ecolenormalecortot.com\/en\/professional-integration\/programme-alumni-2\/"]}]},{"@type":"ImageObject","inLanguage":"en-US","@id":"https:\/\/www.ecolenormalecortot.com\/en\/professional-integration\/programme-alumni-2\/#primaryimage","url":"https:\/\/www.ecolenormalecortot.com\/wp-content\/uploads\/2025\/01\/DSCF7092-scaled.jpg","contentUrl":"https:\/\/www.ecolenormalecortot.com\/wp-content\/uploads\/2025\/01\/DSCF7092-scaled.jpg","width":2560,"height":1920},{"@type":"BreadcrumbList","@id":"https:\/\/www.ecolenormalecortot.com\/en\/professional-integration\/programme-alumni-2\/#breadcrumb","itemListElement":[{"@type":"ListItem","position":1,"name":"Accueil","item":"https:\/\/www.ecolenormalecortot.com\/en\/"},{"@type":"ListItem","position":2,"name":"Professional integration","item":"https:\/\/www.ecolenormalecortot.com\/en\/professional-integration\/"},{"@type":"ListItem","position":3,"name":"Alumni Programme"}]},{"@type":"WebSite","@id":"https:\/\/www.ecolenormalecortot.com\/en\/#website","url":"https:\/\/www.ecolenormalecortot.com\/en\/","name":"Ecole Normale de Musique de Paris","description":"","publisher":{"@id":"https:\/\/www.ecolenormalecortot.com\/en\/#organization"},"potentialAction":[{"@type":"SearchAction","target":{"@type":"EntryPoint","urlTemplate":"https:\/\/www.ecolenormalecortot.com\/en\/?s={search_term_string}"},"query-input":{"@type":"PropertyValueSpecification","valueRequired":true,"valueName":"search_term_string"}}],"inLanguage":"en-US"},{"@type":"Organization","@id":"https:\/\/www.ecolenormalecortot.com\/en\/#organization","name":"Ecole Normale de Musique de Paris","url":"https:\/\/www.ecolenormalecortot.com\/en\/","logo":{"@type":"ImageObject","inLanguage":"en-US","@id":"https:\/\/www.ecolenormalecortot.com\/en\/#\/schema\/logo\/image\/","url":"https:\/\/www.ecolenormalecortot.com\/wp-content\/uploads\/2023\/02\/android-chrome-512x512-1.png","contentUrl":"https:\/\/www.ecolenormalecortot.com\/wp-content\/uploads\/2023\/02\/android-chrome-512x512-1.png","width":512,"height":512,"caption":"Ecole Normale de Musique de Paris"},"image":{"@id":"https:\/\/www.ecolenormalecortot.com\/en\/#\/schema\/logo\/image\/"}}]}},"_links":{"self":[{"href":"https:\/\/www.ecolenormalecortot.com\/en\/wp-json\/wp\/v2\/pages\/7938","targetHints":{"allow":["GET"]}}],"collection":[{"href":"https:\/\/www.ecolenormalecortot.com\/en\/wp-json\/wp\/v2\/pages"}],"about":[{"href":"https:\/\/www.ecolenormalecortot.com\/en\/wp-json\/wp\/v2\/types\/page"}],"author":[{"embeddable":true,"href":"https:\/\/www.ecolenormalecortot.com\/en\/wp-json\/wp\/v2\/users\/1"}],"replies":[{"embeddable":true,"href":"https:\/\/www.ecolenormalecortot.com\/en\/wp-json\/wp\/v2\/comments?post=7938"}],"version-history":[{"count":12,"href":"https:\/\/www.ecolenormalecortot.com\/en\/wp-json\/wp\/v2\/pages\/7938\/revisions"}],"predecessor-version":[{"id":11469,"href":"https:\/\/www.ecolenormalecortot.com\/en\/wp-json\/wp\/v2\/pages\/7938\/revisions\/11469"}],"up":[{"embeddable":true,"href":"https:\/\/www.ecolenormalecortot.com\/en\/wp-json\/wp\/v2\/pages\/1445"}],"wp:featuredmedia":[{"embeddable":true,"href":"https:\/\/www.ecolenormalecortot.com\/en\/wp-json\/wp\/v2\/media\/8165"}],"wp:attachment":[{"href":"https:\/\/www.ecolenormalecortot.com\/en\/wp-json\/wp\/v2\/media?parent=7938"}],"curies":[{"name":"wp","href":"https:\/\/api.w.org\/{rel}","templated":true}]}}