{"id":2841,"date":"2023-04-06T17:54:17","date_gmt":"2023-04-06T15:54:17","guid":{"rendered":"https:\/\/web.enmp.fr\/les-etudes\/higher-education\/master-mip\/"},"modified":"2026-03-24T12:35:51","modified_gmt":"2026-03-24T11:35:51","slug":"master-mip","status":"publish","type":"page","link":"https:\/\/www.ecolenormalecortot.com\/en\/accueil\/higher-education\/master-mip\/","title":{"rendered":"Paris-Saclay Master"},"content":{"rendered":"\n<figure class=\"wp-block-image size-large\"><img loading=\"lazy\" decoding=\"async\" width=\"1024\" height=\"544\" src=\"https:\/\/www.ecolenormalecortot.com\/wp-content\/uploads\/2025\/02\/Universite-Paris-Saclay-1024x544.webp\" alt=\"Master MIP\" class=\"wp-image-9201\" style=\"aspect-ratio:16\/9;object-fit:cover\" srcset=\"https:\/\/www.ecolenormalecortot.com\/wp-content\/uploads\/2025\/02\/Universite-Paris-Saclay-1024x544.webp 1024w, https:\/\/www.ecolenormalecortot.com\/wp-content\/uploads\/2025\/02\/Universite-Paris-Saclay-300x159.webp 300w, https:\/\/www.ecolenormalecortot.com\/wp-content\/uploads\/2025\/02\/Universite-Paris-Saclay-768x408.webp 768w, https:\/\/www.ecolenormalecortot.com\/wp-content\/uploads\/2025\/02\/Universite-Paris-Saclay-1536x816.webp 1536w, https:\/\/www.ecolenormalecortot.com\/wp-content\/uploads\/2025\/02\/Universite-Paris-Saclay-1320x701.webp 1320w, https:\/\/www.ecolenormalecortot.com\/wp-content\/uploads\/2025\/02\/Universite-Paris-Saclay.webp 1920w\" sizes=\"auto, (max-width: 1024px) 100vw, 1024px\" \/><\/figure>\n\n\n\n<p><strong>Double curriculum: \u00c9cole Normale de Musique de Paris (ENMP) \u00d7 Universit\u00e9 Paris Saclay<\/strong><\/p>\n\n\n\n<p><br><strong>Master Musicology \u2014 Track Music, Performance, Heritage (MIP)<\/strong><br><strong>Instruments only (except organ)<\/strong><br><strong>Degree accredited by Universit\u00e9 Paris Saclay \u2014 UVSQ<\/strong><\/p>\n\n\n\n<hr class=\"wp-block-separator has-alpha-channel-opacity\"\/>\n\n\n\n<p><strong>Objective of the program<\/strong><br>The Master Music, Performance, Heritage (MIP) is a double curriculum unique in France.<br>Through a <strong><mark style=\"background-color:rgba(0, 0, 0, 0)\" class=\"has-inline-color has-vivid-red-color\">partnership agreement<\/mark><\/strong> between Universit\u00e9 Paris-Saclay* and ENMP, the MIP master\u2019s program offers training combining:<br>\u2022 <strong>A high\u2011level musical training <\/strong>(ENMP \/ Alfred Cortot)<br>\u2022 <strong>A complete university education<\/strong> (Universit\u00e9 Paris Saclay \u2013 UVSQ)<\/p>\n\n\n\n<p>*\u00c9tablissement public \u00e0 caract\u00e8re scientifique culturel et professionnel (EPSCP)<\/p>\n\n\n\n<p>It is intended for <strong>performing musicians<\/strong> (instrumentalists or opera singers) wishing to become <strong>professionals<\/strong>, capable of:<br>\u2022 managing artistic projects<br>\u2022 understanding the cultural sector<br>\u2022 developing their career<br>\u2022 deepening their instrumental or vocal level<\/p>\n\n\n\n<hr class=\"wp-block-separator has-alpha-channel-opacity\"\/>\n\n\n\n<p><strong>Why is this program unique?<\/strong><\/p>\n\n\n\n<figure class=\"wp-block-table\"><table class=\"has-fixed-layout\"><tbody><tr><th>This Master<\/th><th>Explanations<\/th><\/tr><tr><td><strong>Double curriculum Music + University<\/strong><\/td><td>Artistic training + knowledge of the cultural sector<\/td><\/tr><tr><td><strong>In partnership with the ENMP<\/strong><\/td><td>World\u2011renowned private school<\/td><\/tr><tr><td><strong>Artistic development + professional career<\/strong><\/td><td>To become an independent musician and structure projects<\/td><\/tr><\/tbody><\/table><\/figure>\n\n\n\n<hr class=\"wp-block-separator has-alpha-channel-opacity\"\/>\n\n\n\n<p><strong>Who is this Master for?<\/strong><br>The Master is open to:<br>\u2022 instrumentalists (except organ)<br>\u2022 French or international students<br>\u2026wishing to combine <strong>high artistic level + solid academic training<\/strong>.<\/p>\n\n\n\n<hr class=\"wp-block-separator has-alpha-channel-opacity\"\/>\n\n\n\n<p><strong>Admission requirements<\/strong><br>To apply, you must have:<\/p>\n\n\n\n<p><strong>Required degrees at Paris Saclay<\/strong><br>\u2022 University Licence (or foreign Bachelor)<\/p>\n\n\n\n<p><strong>Required level at ENMP<\/strong><br>\u2022 New students: <strong>at least 2nd higher cycle<\/strong><br>\u2022 Students already at ENMP: Bachelor obtained<\/p>\n\n\n\n<p><strong>Language (for international students)<\/strong><br>\u2022 <strong>Minimum French level B2<\/strong> (spoken + written)<\/p>\n\n\n\n<p><strong>Selection<\/strong><\/p>\n\n\n\n<ol class=\"wp-block-list\">\n<li><strong>Application file<\/strong> on the INCEPTION platform<\/li>\n\n\n\n<li><strong>Audition<\/strong> + <strong>interview<\/strong><\/li>\n\n\n\n<li>Result sent by <strong>email<\/strong><\/li>\n<\/ol>\n\n\n\n<hr class=\"wp-block-separator has-alpha-channel-opacity\"\/>\n\n\n\n<p><strong>Teaching locations<\/strong><\/p>\n\n\n\n<figure class=\"wp-block-table\"><table class=\"has-fixed-layout\"><tbody><tr><th>Type of teaching<\/th><th>Location<\/th><\/tr><tr><td>Musical courses<\/td><td>ENMP (Paris)<\/td><\/tr><tr><td>University courses<\/td><td>Vauban campus<\/td><\/tr><tr><td>Internships and partners<\/td><td>CMBV (Versailles), Philharmonie de Paris<\/td><\/tr><\/tbody><\/table><\/figure>\n\n\n\n<hr class=\"wp-block-separator has-alpha-channel-opacity\"\/>\n\n\n\n<p><strong>Program content<\/strong><\/p>\n\n\n\n<p><strong>1. Musical training \u2014 ENMP<\/strong><br>\u2022 Main discipline (instrument \/ voice \u2013 to be confirmed)<br>\u2022 Collective practice<br>\u2022 Ensemble conducting<br>\u2022 Musical analysis<\/p>\n\n\n\n<p><strong>2. University training \u2014 Paris Saclay<\/strong><br>\u2022 History of cultural policies<br>\u2022 Cultural law<br>\u2022 Heritage institutions<br>\u2022 Introduction to research<\/p>\n\n\n\n<p><strong>3. Languages<\/strong><br>\u2022 1 compulsory modern language<\/p>\n\n\n\n<p><strong>4. Professional projects<\/strong><br>\u2022 <strong>Internship<\/strong>: semester 2<br>\u2022 <strong>Personal artistic project<\/strong>: semesters 1 to 4<\/p>\n\n\n\n<hr class=\"wp-block-separator has-alpha-channel-opacity\"\/>\n\n\n\n<p><strong>Skills acquired<\/strong><br>At the end of the Master, students know how to:<\/p>\n\n\n\n<p><strong>Artistic<\/strong><br>\u2022 develop a high instrumental<br>\u2022 practice group conducting<\/p>\n\n\n\n<p><strong>Professional<\/strong><br>\u2022 build a professional artistic project<br>\u2022 understand structures and networks of the musical world<br>\u2022 organize musical productions<\/p>\n\n\n\n<p><strong>Scientific &amp; cultural<\/strong><br>\u2022 know musical heritage<br>\u2022 understand early and contemporary music<br>\u2022 analyze the functioning of cultural institutions<\/p>\n\n\n\n<hr class=\"wp-block-separator has-alpha-channel-opacity\"\/>\n\n\n\n<p><strong>Career opportunities: what next?<\/strong><br>\u2022 Professional musician specialized in musical heritage<br>\u2022 Soloist \/ performer<br>\u2022 Member or founder of a musical ensemble<br>\u2022 Artistic director or director of a cultural structure<br>\u2022 Cultural mediator specializing in heritage music<br>\u2022 Manager of musical projects<\/p>\n\n\n\n<hr class=\"wp-block-separator has-alpha-channel-opacity\"\/>\n\n\n\n<p><strong>Application:<\/strong><\/p>\n\n\n\n<p><strong>Step 1 \u2014 Submission on the INCEPTION platform (Universit\u00e9 Paris Saclay)<\/strong><br>Dates: from 17\/02\/2026 to 16\/03\/2026<\/p>\n\n\n\n<p><strong>Required documents<\/strong><br>\u2022 Diplomas<br>\u2022 Motivation letter<br>\u2022 All transcripts since the Baccalaur\u00e9at<br>\u2022 CV<br>\u2022 Detailed description of courses taken + number of hours<\/p>\n\n\n\n<p><strong>Official Universit\u00e9 Paris Saclay link (M1 MIP):<\/strong><br>https:\/\/www.universite-paris-saclay.fr\/formation\/master\/musicologie\/m1-musique-interpretation-patrimoine<\/p>\n\n\n\r\n    <a href=\"https:\/\/inception.universite-paris-saclay.fr\/fr\/\" target=\"_blank\" class=\"block-cta style-cta\">\r\n        Access the INCEPTION platform    <\/a>\r\n\n\n\n<h4 class=\"wp-block-heading\"><br><\/h4>\n\n\n\n<h4 class=\"wp-block-heading has-medium-font-size\">Step 2: Submit an application file simultaneously on the \u00c9cole Normale de Musique de Paris website.<br><\/h4>\n\n\n\r\n    <a href=\"https:\/\/www.ecolenormalecortot.com\/candidater\/admission-en-ligne\/\" target=\"_blank\" class=\"block-cta style-cta\">\r\n        Submit my application    <\/a>\r\n\n\n\n<p><\/p>\n\n\n\n<p>For students already enrolled at the \u00c9cole Normale de Musique de Paris, please contact the study office at: <a>eleonore.enault@enmp.fr<\/a><br><br><\/p>\n","protected":false},"excerpt":{"rendered":"<p>Double curriculum: \u00c9cole Normale de Musique de Paris (ENMP) \u00d7 Universit\u00e9 Paris Saclay Master Musicology \u2014 Track Music, Performance, Heritage [&hellip;]<\/p>\n","protected":false},"author":1,"featured_media":0,"parent":1460,"menu_order":0,"comment_status":"closed","ping_status":"closed","template":"","meta":{"_acf_changed":false,"footnotes":""},"class_list":["post-2841","page","type-page","status-publish","hentry"],"acf":[],"yoast_head":"<!-- This site is optimized with the Yoast SEO plugin v27.3 - https:\/\/yoast.com\/product\/yoast-seo-wordpress\/ -->\n<title>Paris-Saclay Master - Ecole Normale de Musique de Paris<\/title>\n<meta name=\"robots\" content=\"index, follow, max-snippet:-1, max-image-preview:large, max-video-preview:-1\" \/>\n<link rel=\"canonical\" href=\"https:\/\/www.ecolenormalecortot.com\/en\/accueil\/higher-education\/master-mip\/\" \/>\n<meta property=\"og:locale\" content=\"en_US\" \/>\n<meta property=\"og:type\" content=\"article\" \/>\n<meta property=\"og:title\" content=\"Paris-Saclay Master - Ecole Normale de Musique de Paris\" \/>\n<meta property=\"og:description\" content=\"Double curriculum: \u00c9cole Normale de Musique de Paris (ENMP) \u00d7 Universit\u00e9 Paris Saclay Master Musicology \u2014 Track Music, Performance, Heritage [&hellip;]\" \/>\n<meta property=\"og:url\" content=\"https:\/\/www.ecolenormalecortot.com\/en\/accueil\/higher-education\/master-mip\/\" \/>\n<meta property=\"og:site_name\" content=\"Ecole Normale de Musique de Paris\" \/>\n<meta property=\"article:modified_time\" content=\"2026-03-24T11:35:51+00:00\" \/>\n<meta property=\"og:image\" content=\"https:\/\/www.ecolenormalecortot.com\/wp-content\/uploads\/2025\/02\/Universite-Paris-Saclay.webp\" \/>\n\t<meta property=\"og:image:width\" content=\"1920\" \/>\n\t<meta property=\"og:image:height\" content=\"1020\" \/>\n\t<meta property=\"og:image:type\" content=\"image\/webp\" \/>\n<meta name=\"twitter:card\" content=\"summary_large_image\" \/>\n<meta name=\"twitter:label1\" content=\"Est. reading time\" \/>\n\t<meta name=\"twitter:data1\" content=\"4 minutes\" \/>\n<script type=\"application\/ld+json\" class=\"yoast-schema-graph\">{\"@context\":\"https:\\\/\\\/schema.org\",\"@graph\":[{\"@type\":\"WebPage\",\"@id\":\"https:\\\/\\\/www.ecolenormalecortot.com\\\/en\\\/accueil\\\/higher-education\\\/master-mip\\\/\",\"url\":\"https:\\\/\\\/www.ecolenormalecortot.com\\\/en\\\/accueil\\\/higher-education\\\/master-mip\\\/\",\"name\":\"Paris-Saclay Master - Ecole Normale de Musique de Paris\",\"isPartOf\":{\"@id\":\"https:\\\/\\\/www.ecolenormalecortot.com\\\/en\\\/#website\"},\"primaryImageOfPage\":{\"@id\":\"https:\\\/\\\/www.ecolenormalecortot.com\\\/en\\\/accueil\\\/higher-education\\\/master-mip\\\/#primaryimage\"},\"image\":{\"@id\":\"https:\\\/\\\/www.ecolenormalecortot.com\\\/en\\\/accueil\\\/higher-education\\\/master-mip\\\/#primaryimage\"},\"thumbnailUrl\":\"https:\\\/\\\/www.ecolenormalecortot.com\\\/wp-content\\\/uploads\\\/2025\\\/02\\\/Universite-Paris-Saclay-1024x544.webp\",\"datePublished\":\"2023-04-06T15:54:17+00:00\",\"dateModified\":\"2026-03-24T11:35:51+00:00\",\"breadcrumb\":{\"@id\":\"https:\\\/\\\/www.ecolenormalecortot.com\\\/en\\\/accueil\\\/higher-education\\\/master-mip\\\/#breadcrumb\"},\"inLanguage\":\"en-US\",\"potentialAction\":[{\"@type\":\"ReadAction\",\"target\":[\"https:\\\/\\\/www.ecolenormalecortot.com\\\/en\\\/accueil\\\/higher-education\\\/master-mip\\\/\"]}]},{\"@type\":\"ImageObject\",\"inLanguage\":\"en-US\",\"@id\":\"https:\\\/\\\/www.ecolenormalecortot.com\\\/en\\\/accueil\\\/higher-education\\\/master-mip\\\/#primaryimage\",\"url\":\"https:\\\/\\\/www.ecolenormalecortot.com\\\/wp-content\\\/uploads\\\/2025\\\/02\\\/Universite-Paris-Saclay-1024x544.webp\",\"contentUrl\":\"https:\\\/\\\/www.ecolenormalecortot.com\\\/wp-content\\\/uploads\\\/2025\\\/02\\\/Universite-Paris-Saclay-1024x544.webp\"},{\"@type\":\"BreadcrumbList\",\"@id\":\"https:\\\/\\\/www.ecolenormalecortot.com\\\/en\\\/accueil\\\/higher-education\\\/master-mip\\\/#breadcrumb\",\"itemListElement\":[{\"@type\":\"ListItem\",\"position\":1,\"name\":\"Accueil\",\"item\":\"https:\\\/\\\/www.ecolenormalecortot.com\\\/en\\\/\"},{\"@type\":\"ListItem\",\"position\":2,\"name\":\"Home\",\"item\":\"https:\\\/\\\/www.ecolenormalecortot.com\\\/en\\\/\"},{\"@type\":\"ListItem\",\"position\":3,\"name\":\"Curriculum\",\"item\":\"https:\\\/\\\/www.ecolenormalecortot.com\\\/en\\\/accueil\\\/higher-education\\\/\"},{\"@type\":\"ListItem\",\"position\":4,\"name\":\"Paris-Saclay Master\"}]},{\"@type\":\"WebSite\",\"@id\":\"https:\\\/\\\/www.ecolenormalecortot.com\\\/en\\\/#website\",\"url\":\"https:\\\/\\\/www.ecolenormalecortot.com\\\/en\\\/\",\"name\":\"Ecole Normale de Musique de Paris\",\"description\":\"\",\"publisher\":{\"@id\":\"https:\\\/\\\/www.ecolenormalecortot.com\\\/en\\\/#organization\"},\"potentialAction\":[{\"@type\":\"SearchAction\",\"target\":{\"@type\":\"EntryPoint\",\"urlTemplate\":\"https:\\\/\\\/www.ecolenormalecortot.com\\\/en\\\/?s={search_term_string}\"},\"query-input\":{\"@type\":\"PropertyValueSpecification\",\"valueRequired\":true,\"valueName\":\"search_term_string\"}}],\"inLanguage\":\"en-US\"},{\"@type\":\"Organization\",\"@id\":\"https:\\\/\\\/www.ecolenormalecortot.com\\\/en\\\/#organization\",\"name\":\"Ecole Normale de Musique de Paris\",\"url\":\"https:\\\/\\\/www.ecolenormalecortot.com\\\/en\\\/\",\"logo\":{\"@type\":\"ImageObject\",\"inLanguage\":\"en-US\",\"@id\":\"https:\\\/\\\/www.ecolenormalecortot.com\\\/en\\\/#\\\/schema\\\/logo\\\/image\\\/\",\"url\":\"https:\\\/\\\/www.ecolenormalecortot.com\\\/wp-content\\\/uploads\\\/2023\\\/02\\\/android-chrome-512x512-1.png\",\"contentUrl\":\"https:\\\/\\\/www.ecolenormalecortot.com\\\/wp-content\\\/uploads\\\/2023\\\/02\\\/android-chrome-512x512-1.png\",\"width\":512,\"height\":512,\"caption\":\"Ecole Normale de Musique de Paris\"},\"image\":{\"@id\":\"https:\\\/\\\/www.ecolenormalecortot.com\\\/en\\\/#\\\/schema\\\/logo\\\/image\\\/\"}}]}<\/script>\n<!-- \/ Yoast SEO plugin. -->","yoast_head_json":{"title":"Paris-Saclay Master - Ecole Normale de Musique de Paris","robots":{"index":"index","follow":"follow","max-snippet":"max-snippet:-1","max-image-preview":"max-image-preview:large","max-video-preview":"max-video-preview:-1"},"canonical":"https:\/\/www.ecolenormalecortot.com\/en\/accueil\/higher-education\/master-mip\/","og_locale":"en_US","og_type":"article","og_title":"Paris-Saclay Master - Ecole Normale de Musique de Paris","og_description":"Double curriculum: \u00c9cole Normale de Musique de Paris (ENMP) \u00d7 Universit\u00e9 Paris Saclay Master Musicology \u2014 Track Music, Performance, Heritage [&hellip;]","og_url":"https:\/\/www.ecolenormalecortot.com\/en\/accueil\/higher-education\/master-mip\/","og_site_name":"Ecole Normale de Musique de Paris","article_modified_time":"2026-03-24T11:35:51+00:00","og_image":[{"width":1920,"height":1020,"url":"https:\/\/www.ecolenormalecortot.com\/wp-content\/uploads\/2025\/02\/Universite-Paris-Saclay.webp","type":"image\/webp"}],"twitter_card":"summary_large_image","twitter_misc":{"Est. reading time":"4 minutes"},"schema":{"@context":"https:\/\/schema.org","@graph":[{"@type":"WebPage","@id":"https:\/\/www.ecolenormalecortot.com\/en\/accueil\/higher-education\/master-mip\/","url":"https:\/\/www.ecolenormalecortot.com\/en\/accueil\/higher-education\/master-mip\/","name":"Paris-Saclay Master - Ecole Normale de Musique de Paris","isPartOf":{"@id":"https:\/\/www.ecolenormalecortot.com\/en\/#website"},"primaryImageOfPage":{"@id":"https:\/\/www.ecolenormalecortot.com\/en\/accueil\/higher-education\/master-mip\/#primaryimage"},"image":{"@id":"https:\/\/www.ecolenormalecortot.com\/en\/accueil\/higher-education\/master-mip\/#primaryimage"},"thumbnailUrl":"https:\/\/www.ecolenormalecortot.com\/wp-content\/uploads\/2025\/02\/Universite-Paris-Saclay-1024x544.webp","datePublished":"2023-04-06T15:54:17+00:00","dateModified":"2026-03-24T11:35:51+00:00","breadcrumb":{"@id":"https:\/\/www.ecolenormalecortot.com\/en\/accueil\/higher-education\/master-mip\/#breadcrumb"},"inLanguage":"en-US","potentialAction":[{"@type":"ReadAction","target":["https:\/\/www.ecolenormalecortot.com\/en\/accueil\/higher-education\/master-mip\/"]}]},{"@type":"ImageObject","inLanguage":"en-US","@id":"https:\/\/www.ecolenormalecortot.com\/en\/accueil\/higher-education\/master-mip\/#primaryimage","url":"https:\/\/www.ecolenormalecortot.com\/wp-content\/uploads\/2025\/02\/Universite-Paris-Saclay-1024x544.webp","contentUrl":"https:\/\/www.ecolenormalecortot.com\/wp-content\/uploads\/2025\/02\/Universite-Paris-Saclay-1024x544.webp"},{"@type":"BreadcrumbList","@id":"https:\/\/www.ecolenormalecortot.com\/en\/accueil\/higher-education\/master-mip\/#breadcrumb","itemListElement":[{"@type":"ListItem","position":1,"name":"Accueil","item":"https:\/\/www.ecolenormalecortot.com\/en\/"},{"@type":"ListItem","position":2,"name":"Home","item":"https:\/\/www.ecolenormalecortot.com\/en\/"},{"@type":"ListItem","position":3,"name":"Curriculum","item":"https:\/\/www.ecolenormalecortot.com\/en\/accueil\/higher-education\/"},{"@type":"ListItem","position":4,"name":"Paris-Saclay Master"}]},{"@type":"WebSite","@id":"https:\/\/www.ecolenormalecortot.com\/en\/#website","url":"https:\/\/www.ecolenormalecortot.com\/en\/","name":"Ecole Normale de Musique de Paris","description":"","publisher":{"@id":"https:\/\/www.ecolenormalecortot.com\/en\/#organization"},"potentialAction":[{"@type":"SearchAction","target":{"@type":"EntryPoint","urlTemplate":"https:\/\/www.ecolenormalecortot.com\/en\/?s={search_term_string}"},"query-input":{"@type":"PropertyValueSpecification","valueRequired":true,"valueName":"search_term_string"}}],"inLanguage":"en-US"},{"@type":"Organization","@id":"https:\/\/www.ecolenormalecortot.com\/en\/#organization","name":"Ecole Normale de Musique de Paris","url":"https:\/\/www.ecolenormalecortot.com\/en\/","logo":{"@type":"ImageObject","inLanguage":"en-US","@id":"https:\/\/www.ecolenormalecortot.com\/en\/#\/schema\/logo\/image\/","url":"https:\/\/www.ecolenormalecortot.com\/wp-content\/uploads\/2023\/02\/android-chrome-512x512-1.png","contentUrl":"https:\/\/www.ecolenormalecortot.com\/wp-content\/uploads\/2023\/02\/android-chrome-512x512-1.png","width":512,"height":512,"caption":"Ecole Normale de Musique de Paris"},"image":{"@id":"https:\/\/www.ecolenormalecortot.com\/en\/#\/schema\/logo\/image\/"}}]}},"_links":{"self":[{"href":"https:\/\/www.ecolenormalecortot.com\/en\/wp-json\/wp\/v2\/pages\/2841","targetHints":{"allow":["GET"]}}],"collection":[{"href":"https:\/\/www.ecolenormalecortot.com\/en\/wp-json\/wp\/v2\/pages"}],"about":[{"href":"https:\/\/www.ecolenormalecortot.com\/en\/wp-json\/wp\/v2\/types\/page"}],"author":[{"embeddable":true,"href":"https:\/\/www.ecolenormalecortot.com\/en\/wp-json\/wp\/v2\/users\/1"}],"replies":[{"embeddable":true,"href":"https:\/\/www.ecolenormalecortot.com\/en\/wp-json\/wp\/v2\/comments?post=2841"}],"version-history":[{"count":16,"href":"https:\/\/www.ecolenormalecortot.com\/en\/wp-json\/wp\/v2\/pages\/2841\/revisions"}],"predecessor-version":[{"id":12313,"href":"https:\/\/www.ecolenormalecortot.com\/en\/wp-json\/wp\/v2\/pages\/2841\/revisions\/12313"}],"up":[{"embeddable":true,"href":"https:\/\/www.ecolenormalecortot.com\/en\/wp-json\/wp\/v2\/pages\/1460"}],"wp:attachment":[{"href":"https:\/\/www.ecolenormalecortot.com\/en\/wp-json\/wp\/v2\/media?parent=2841"}],"curies":[{"name":"wp","href":"https:\/\/api.w.org\/{rel}","templated":true}]}}