{"id":1503,"date":"2023-04-05T13:16:17","date_gmt":"2023-04-05T11:16:17","guid":{"rendered":"https:\/\/web.enmp.fr\/?page_id=1503"},"modified":"2026-02-24T18:49:14","modified_gmt":"2026-02-24T17:49:14","slug":"the-organ-class","status":"publish","type":"page","link":"https:\/\/www.ecolenormalecortot.com\/en\/les-etudes\/disciplines\/the-organ-class\/","title":{"rendered":"The Organ Class"},"content":{"rendered":"\n<figure class=\"wp-block-image size-large\"><img loading=\"lazy\" decoding=\"async\" width=\"1024\" height=\"554\" src=\"https:\/\/www.ecolenormalecortot.com\/wp-content\/uploads\/2025\/02\/Orgue-1024x554.jpg\" alt=\"The Organ Class\" class=\"wp-image-9330\" style=\"aspect-ratio:16\/9;object-fit:cover\" srcset=\"https:\/\/www.ecolenormalecortot.com\/wp-content\/uploads\/2025\/02\/Orgue-1024x554.jpg 1024w, https:\/\/www.ecolenormalecortot.com\/wp-content\/uploads\/2025\/02\/Orgue-300x162.jpg 300w, https:\/\/www.ecolenormalecortot.com\/wp-content\/uploads\/2025\/02\/Orgue-768x415.jpg 768w, https:\/\/www.ecolenormalecortot.com\/wp-content\/uploads\/2025\/02\/Orgue.jpg 1110w\" sizes=\"auto, (max-width: 1024px) 100vw, 1024px\" \/><\/figure>\n\n\n\n<p>The Organ Class at the School offers an exceptional training program, allowing students to refine their skills on a unique organ located in the Church of Saint-\u00c9tienne-du-Mont. This distinctive setting, coupled with the expertise of the prestigious titular organist <strong><a href=\"https:\/\/www.ecolenormalecortot.com\/en\/enseignants\/warnier-vincent-2\/\">Vincent Warnier<\/a><\/strong>, provides an ideal environment for students wishing to develop their technique and interpretation at the highest level. Specializing in organ practice, this class is only accessible starting from the 2nd advanced cycle, allowing students to benefit from in-depth instruction and a highly personalized approach.<\/p>\n\n\n\n<p>Students explore both classical and contemporary repertoires while learning to master liturgical and concert performance. The courses focus on technique, virtuosity, accompaniment, and mastery of the organ within both historical and contemporary contexts. The opportunity to work on an exceptional organ is a significant advantage, offering students the chance to become familiar with a complex instrument while refining their listening skills and musical responsiveness.<\/p>\n\n\n\n<p>The training includes supplementary teaching units, some mandatory and others optional, depending on the chosen programs. This flexibility allows students to structure their studies while maintaining high standards. Study equivalencies can also be granted, providing recognition for prior learning and offering some flexibility in their path.<\/p>\n\n\n\n<p>The courses mainly take place at the Church of Saint-\u00c9tienne-du-Mont, a prestigious venue that offers a total immersion in organ practice under optimal conditions. This exceptional setting, combined with high-level instruction, prepares students for a career as concert organists, organists, or professors, in a rich and professional environment.<\/p>\n\n\n\n<h3 class=\"wp-block-heading has-large-font-size\">New student rates<\/h3>\n\n\n\r\n<div class=\"block-prices\">\r\n    <div class=\"group-title-container\">\r\n        <div class=\"group-title\">The Organ Class<\/div>\r\n                    <div class=\"group-title-columns\">\r\n                                    <div class=\"column\">\r\n                        2026\/27                    <\/div>\r\n                            <\/div>\r\n            <\/div>\r\n            <div class=\"prices\">\r\n                            <div class=\"price-row\">\r\n                    <div class=\"title\">\r\n                        Graduate Cycle*                    <\/div>\r\n\r\n                                            <div class=\"row-prices\">\r\n                                                            <div class=\"price\">\r\n                                                                            <span class=\"d-none-md\">2026\/27 : <\/span>\r\n                                                                                                            3&nbsp;660&nbsp;\u20ac                                <\/div>\r\n\r\n                                                    <\/div>\r\n                                    <\/div>\r\n                            <div class=\"price-row\">\r\n                    <div class=\"title\">\r\n                        Artist Diploma**\/Advanced Class*                    <\/div>\r\n\r\n                                            <div class=\"row-prices\">\r\n                                                            <div class=\"price\">\r\n                                                                            <span class=\"d-none-md\">2026\/27 : <\/span>\r\n                                                                                                            4&nbsp;230&nbsp;\u20ac                                <\/div>\r\n\r\n                                                    <\/div>\r\n                                    <\/div>\r\n                            <div class=\"price-row\">\r\n                    <div class=\"title\">\r\n                        Advanced option: Package of 15h spread over the year, subject to acceptance by the teacher.                    <\/div>\r\n\r\n                                            <div class=\"row-prices\">\r\n                                                            <div class=\"price\">\r\n                                                                            <span class=\"d-none-md\">2026\/27 : <\/span>\r\n                                                                                                            1&nbsp;820&nbsp;\u20ac                                <\/div>\r\n\r\n                                                    <\/div>\r\n                                    <\/div>\r\n                    <\/div>\r\n    <\/div>\r\n\n\n\n<p><strong>*Annual registration fee:<\/strong> \u20ac400<\/p>\n\n\n\n<p><strong>**Annual registration fee for Artist Diploma (3rd Cycle 2nd year): <\/strong>330\u20ac <\/p>\n\n\n\n<p><strong>Administrative fees for foreign students <\/strong><em>(from outside the European Union and the Council of Europe):<\/em>600\u20ac.<\/p>\n\n\n\n<p><a href=\"https:\/\/www.ecolenormalecortot.com\/wp-content\/uploads\/2026\/02\/Financement-etudes-2.pdf\">Guide for study financing<\/a><\/p>\n\n\n\r\n    <a href=\"https:\/\/www.ecolenormalecortot.com\/en\/registrations\/the-admissions-process\/\" target=\"_blank\" class=\"block-cta style-cta\">\r\n        APPLY    <\/a>\r\n\n\n\n<h3 class=\"wp-block-heading has-large-font-size\">Student already?<\/h3>\n\n\n\n<p>For further information on fees and payment, please visit <a href=\"https:\/\/student.enmp.fr\/\">the school intranet<\/a>.<\/p>\n\n\n\r\n    <a href=\"https:\/\/student.enmp.fr\/\" target=\"_blank\" class=\"block-cta style-cta\">\r\n        RE-REGISTER    <\/a>\r\n\n\n\n<p><\/p>\n","protected":false},"excerpt":{"rendered":"<p>La classe d\u2019orgue de l\u2019\u00c9cole permet aux \u00e9l\u00e8ves de se perfectionner sur un orgue d\u2019exception dans l\u2019\u00e9glise Saint-\u00c9tienne du Mont aupr\u00e8s de son organiste titulaire, Vincent Warnier. <\/p>\n","protected":false},"author":8,"featured_media":3238,"parent":1491,"menu_order":6,"comment_status":"closed","ping_status":"closed","template":"","meta":{"_acf_changed":false,"footnotes":""},"class_list":["post-1503","page","type-page","status-publish","has-post-thumbnail","hentry"],"acf":[],"yoast_head":"<!-- This site is optimized with the Yoast SEO plugin v27.6 - https:\/\/yoast.com\/product\/yoast-seo-wordpress\/ -->\n<title>The Organ Class - Ecole Normale de Musique de Paris<\/title>\n<meta name=\"description\" content=\"The Organ Class enables students to perfect their skills on an exceptional organ in the Church of Saint-\u00c9tienne du Mont.\" \/>\n<meta name=\"robots\" content=\"index, follow, max-snippet:-1, max-image-preview:large, max-video-preview:-1\" \/>\n<link rel=\"canonical\" href=\"https:\/\/www.ecolenormalecortot.com\/en\/les-etudes\/disciplines\/the-organ-class\/\" \/>\n<meta property=\"og:locale\" content=\"en_US\" \/>\n<meta property=\"og:type\" content=\"article\" \/>\n<meta property=\"og:title\" content=\"The Organ Class - Ecole Normale de Musique de Paris\" \/>\n<meta property=\"og:description\" content=\"The Organ Class enables students to perfect their skills on an exceptional organ in the Church of Saint-\u00c9tienne du Mont.\" \/>\n<meta property=\"og:url\" content=\"https:\/\/www.ecolenormalecortot.com\/en\/les-etudes\/disciplines\/the-organ-class\/\" \/>\n<meta property=\"og:site_name\" content=\"Ecole Normale de Musique de Paris\" \/>\n<meta property=\"article:modified_time\" content=\"2026-02-24T17:49:14+00:00\" \/>\n<meta property=\"og:image\" content=\"https:\/\/www.ecolenormalecortot.com\/wp-content\/uploads\/2023\/04\/photo-Orgue_St_Etienne_du_Mont-web.jpg\" \/>\n\t<meta property=\"og:image:width\" content=\"1000\" \/>\n\t<meta property=\"og:image:height\" content=\"741\" \/>\n\t<meta property=\"og:image:type\" content=\"image\/jpeg\" \/>\n<meta name=\"twitter:card\" content=\"summary_large_image\" \/>\n<meta name=\"twitter:label1\" content=\"Est. reading time\" \/>\n\t<meta name=\"twitter:data1\" content=\"3 minutes\" \/>\n<script type=\"application\/ld+json\" class=\"yoast-schema-graph\">{\"@context\":\"https:\\\/\\\/schema.org\",\"@graph\":[{\"@type\":\"WebPage\",\"@id\":\"https:\\\/\\\/www.ecolenormalecortot.com\\\/en\\\/les-etudes\\\/disciplines\\\/the-organ-class\\\/\",\"url\":\"https:\\\/\\\/www.ecolenormalecortot.com\\\/en\\\/les-etudes\\\/disciplines\\\/the-organ-class\\\/\",\"name\":\"The Organ Class - Ecole Normale de Musique de Paris\",\"isPartOf\":{\"@id\":\"https:\\\/\\\/www.ecolenormalecortot.com\\\/en\\\/#website\"},\"primaryImageOfPage\":{\"@id\":\"https:\\\/\\\/www.ecolenormalecortot.com\\\/en\\\/les-etudes\\\/disciplines\\\/the-organ-class\\\/#primaryimage\"},\"image\":{\"@id\":\"https:\\\/\\\/www.ecolenormalecortot.com\\\/en\\\/les-etudes\\\/disciplines\\\/the-organ-class\\\/#primaryimage\"},\"thumbnailUrl\":\"https:\\\/\\\/www.ecolenormalecortot.com\\\/wp-content\\\/uploads\\\/2023\\\/04\\\/photo-Orgue_St_Etienne_du_Mont-web.jpg\",\"datePublished\":\"2023-04-05T11:16:17+00:00\",\"dateModified\":\"2026-02-24T17:49:14+00:00\",\"description\":\"The Organ Class enables students to perfect their skills on an exceptional organ in the Church of Saint-\u00c9tienne du Mont.\",\"breadcrumb\":{\"@id\":\"https:\\\/\\\/www.ecolenormalecortot.com\\\/en\\\/les-etudes\\\/disciplines\\\/the-organ-class\\\/#breadcrumb\"},\"inLanguage\":\"en-US\",\"potentialAction\":[{\"@type\":\"ReadAction\",\"target\":[\"https:\\\/\\\/www.ecolenormalecortot.com\\\/en\\\/les-etudes\\\/disciplines\\\/the-organ-class\\\/\"]}]},{\"@type\":\"ImageObject\",\"inLanguage\":\"en-US\",\"@id\":\"https:\\\/\\\/www.ecolenormalecortot.com\\\/en\\\/les-etudes\\\/disciplines\\\/the-organ-class\\\/#primaryimage\",\"url\":\"https:\\\/\\\/www.ecolenormalecortot.com\\\/wp-content\\\/uploads\\\/2023\\\/04\\\/photo-Orgue_St_Etienne_du_Mont-web.jpg\",\"contentUrl\":\"https:\\\/\\\/www.ecolenormalecortot.com\\\/wp-content\\\/uploads\\\/2023\\\/04\\\/photo-Orgue_St_Etienne_du_Mont-web.jpg\",\"width\":1000,\"height\":741},{\"@type\":\"BreadcrumbList\",\"@id\":\"https:\\\/\\\/www.ecolenormalecortot.com\\\/en\\\/les-etudes\\\/disciplines\\\/the-organ-class\\\/#breadcrumb\",\"itemListElement\":[{\"@type\":\"ListItem\",\"position\":1,\"name\":\"Accueil\",\"item\":\"https:\\\/\\\/www.ecolenormalecortot.com\\\/en\\\/\"},{\"@type\":\"ListItem\",\"position\":2,\"name\":\"Studies\",\"item\":\"https:\\\/\\\/www.ecolenormalecortot.com\\\/en\\\/les-etudes\\\/\"},{\"@type\":\"ListItem\",\"position\":3,\"name\":\"Departments\",\"item\":\"https:\\\/\\\/www.ecolenormalecortot.com\\\/en\\\/les-etudes\\\/disciplines\\\/\"},{\"@type\":\"ListItem\",\"position\":4,\"name\":\"The Organ Class\"}]},{\"@type\":\"WebSite\",\"@id\":\"https:\\\/\\\/www.ecolenormalecortot.com\\\/en\\\/#website\",\"url\":\"https:\\\/\\\/www.ecolenormalecortot.com\\\/en\\\/\",\"name\":\"Ecole Normale de Musique de Paris\",\"description\":\"\",\"publisher\":{\"@id\":\"https:\\\/\\\/www.ecolenormalecortot.com\\\/en\\\/#organization\"},\"potentialAction\":[{\"@type\":\"SearchAction\",\"target\":{\"@type\":\"EntryPoint\",\"urlTemplate\":\"https:\\\/\\\/www.ecolenormalecortot.com\\\/en\\\/?s={search_term_string}\"},\"query-input\":{\"@type\":\"PropertyValueSpecification\",\"valueRequired\":true,\"valueName\":\"search_term_string\"}}],\"inLanguage\":\"en-US\"},{\"@type\":\"Organization\",\"@id\":\"https:\\\/\\\/www.ecolenormalecortot.com\\\/en\\\/#organization\",\"name\":\"Ecole Normale de Musique de Paris\",\"url\":\"https:\\\/\\\/www.ecolenormalecortot.com\\\/en\\\/\",\"logo\":{\"@type\":\"ImageObject\",\"inLanguage\":\"en-US\",\"@id\":\"https:\\\/\\\/www.ecolenormalecortot.com\\\/en\\\/#\\\/schema\\\/logo\\\/image\\\/\",\"url\":\"https:\\\/\\\/www.ecolenormalecortot.com\\\/wp-content\\\/uploads\\\/2023\\\/02\\\/android-chrome-512x512-1.png\",\"contentUrl\":\"https:\\\/\\\/www.ecolenormalecortot.com\\\/wp-content\\\/uploads\\\/2023\\\/02\\\/android-chrome-512x512-1.png\",\"width\":512,\"height\":512,\"caption\":\"Ecole Normale de Musique de Paris\"},\"image\":{\"@id\":\"https:\\\/\\\/www.ecolenormalecortot.com\\\/en\\\/#\\\/schema\\\/logo\\\/image\\\/\"}}]}<\/script>\n<!-- \/ Yoast SEO plugin. -->","yoast_head_json":{"title":"The Organ Class - Ecole Normale de Musique de Paris","description":"The Organ Class enables students to perfect their skills on an exceptional organ in the Church of Saint-\u00c9tienne du Mont.","robots":{"index":"index","follow":"follow","max-snippet":"max-snippet:-1","max-image-preview":"max-image-preview:large","max-video-preview":"max-video-preview:-1"},"canonical":"https:\/\/www.ecolenormalecortot.com\/en\/les-etudes\/disciplines\/the-organ-class\/","og_locale":"en_US","og_type":"article","og_title":"The Organ Class - Ecole Normale de Musique de Paris","og_description":"The Organ Class enables students to perfect their skills on an exceptional organ in the Church of Saint-\u00c9tienne du Mont.","og_url":"https:\/\/www.ecolenormalecortot.com\/en\/les-etudes\/disciplines\/the-organ-class\/","og_site_name":"Ecole Normale de Musique de Paris","article_modified_time":"2026-02-24T17:49:14+00:00","og_image":[{"width":1000,"height":741,"url":"https:\/\/www.ecolenormalecortot.com\/wp-content\/uploads\/2023\/04\/photo-Orgue_St_Etienne_du_Mont-web.jpg","type":"image\/jpeg"}],"twitter_card":"summary_large_image","twitter_misc":{"Est. reading time":"3 minutes"},"schema":{"@context":"https:\/\/schema.org","@graph":[{"@type":"WebPage","@id":"https:\/\/www.ecolenormalecortot.com\/en\/les-etudes\/disciplines\/the-organ-class\/","url":"https:\/\/www.ecolenormalecortot.com\/en\/les-etudes\/disciplines\/the-organ-class\/","name":"The Organ Class - Ecole Normale de Musique de Paris","isPartOf":{"@id":"https:\/\/www.ecolenormalecortot.com\/en\/#website"},"primaryImageOfPage":{"@id":"https:\/\/www.ecolenormalecortot.com\/en\/les-etudes\/disciplines\/the-organ-class\/#primaryimage"},"image":{"@id":"https:\/\/www.ecolenormalecortot.com\/en\/les-etudes\/disciplines\/the-organ-class\/#primaryimage"},"thumbnailUrl":"https:\/\/www.ecolenormalecortot.com\/wp-content\/uploads\/2023\/04\/photo-Orgue_St_Etienne_du_Mont-web.jpg","datePublished":"2023-04-05T11:16:17+00:00","dateModified":"2026-02-24T17:49:14+00:00","description":"The Organ Class enables students to perfect their skills on an exceptional organ in the Church of Saint-\u00c9tienne du Mont.","breadcrumb":{"@id":"https:\/\/www.ecolenormalecortot.com\/en\/les-etudes\/disciplines\/the-organ-class\/#breadcrumb"},"inLanguage":"en-US","potentialAction":[{"@type":"ReadAction","target":["https:\/\/www.ecolenormalecortot.com\/en\/les-etudes\/disciplines\/the-organ-class\/"]}]},{"@type":"ImageObject","inLanguage":"en-US","@id":"https:\/\/www.ecolenormalecortot.com\/en\/les-etudes\/disciplines\/the-organ-class\/#primaryimage","url":"https:\/\/www.ecolenormalecortot.com\/wp-content\/uploads\/2023\/04\/photo-Orgue_St_Etienne_du_Mont-web.jpg","contentUrl":"https:\/\/www.ecolenormalecortot.com\/wp-content\/uploads\/2023\/04\/photo-Orgue_St_Etienne_du_Mont-web.jpg","width":1000,"height":741},{"@type":"BreadcrumbList","@id":"https:\/\/www.ecolenormalecortot.com\/en\/les-etudes\/disciplines\/the-organ-class\/#breadcrumb","itemListElement":[{"@type":"ListItem","position":1,"name":"Accueil","item":"https:\/\/www.ecolenormalecortot.com\/en\/"},{"@type":"ListItem","position":2,"name":"Studies","item":"https:\/\/www.ecolenormalecortot.com\/en\/les-etudes\/"},{"@type":"ListItem","position":3,"name":"Departments","item":"https:\/\/www.ecolenormalecortot.com\/en\/les-etudes\/disciplines\/"},{"@type":"ListItem","position":4,"name":"The Organ Class"}]},{"@type":"WebSite","@id":"https:\/\/www.ecolenormalecortot.com\/en\/#website","url":"https:\/\/www.ecolenormalecortot.com\/en\/","name":"Ecole Normale de Musique de Paris","description":"","publisher":{"@id":"https:\/\/www.ecolenormalecortot.com\/en\/#organization"},"potentialAction":[{"@type":"SearchAction","target":{"@type":"EntryPoint","urlTemplate":"https:\/\/www.ecolenormalecortot.com\/en\/?s={search_term_string}"},"query-input":{"@type":"PropertyValueSpecification","valueRequired":true,"valueName":"search_term_string"}}],"inLanguage":"en-US"},{"@type":"Organization","@id":"https:\/\/www.ecolenormalecortot.com\/en\/#organization","name":"Ecole Normale de Musique de Paris","url":"https:\/\/www.ecolenormalecortot.com\/en\/","logo":{"@type":"ImageObject","inLanguage":"en-US","@id":"https:\/\/www.ecolenormalecortot.com\/en\/#\/schema\/logo\/image\/","url":"https:\/\/www.ecolenormalecortot.com\/wp-content\/uploads\/2023\/02\/android-chrome-512x512-1.png","contentUrl":"https:\/\/www.ecolenormalecortot.com\/wp-content\/uploads\/2023\/02\/android-chrome-512x512-1.png","width":512,"height":512,"caption":"Ecole Normale de Musique de Paris"},"image":{"@id":"https:\/\/www.ecolenormalecortot.com\/en\/#\/schema\/logo\/image\/"}}]}},"_links":{"self":[{"href":"https:\/\/www.ecolenormalecortot.com\/en\/wp-json\/wp\/v2\/pages\/1503","targetHints":{"allow":["GET"]}}],"collection":[{"href":"https:\/\/www.ecolenormalecortot.com\/en\/wp-json\/wp\/v2\/pages"}],"about":[{"href":"https:\/\/www.ecolenormalecortot.com\/en\/wp-json\/wp\/v2\/types\/page"}],"author":[{"embeddable":true,"href":"https:\/\/www.ecolenormalecortot.com\/en\/wp-json\/wp\/v2\/users\/8"}],"replies":[{"embeddable":true,"href":"https:\/\/www.ecolenormalecortot.com\/en\/wp-json\/wp\/v2\/comments?post=1503"}],"version-history":[{"count":26,"href":"https:\/\/www.ecolenormalecortot.com\/en\/wp-json\/wp\/v2\/pages\/1503\/revisions"}],"predecessor-version":[{"id":11994,"href":"https:\/\/www.ecolenormalecortot.com\/en\/wp-json\/wp\/v2\/pages\/1503\/revisions\/11994"}],"up":[{"embeddable":true,"href":"https:\/\/www.ecolenormalecortot.com\/en\/wp-json\/wp\/v2\/pages\/1491"}],"wp:featuredmedia":[{"embeddable":true,"href":"https:\/\/www.ecolenormalecortot.com\/en\/wp-json\/wp\/v2\/media\/3238"}],"wp:attachment":[{"href":"https:\/\/www.ecolenormalecortot.com\/en\/wp-json\/wp\/v2\/media?parent=1503"}],"curies":[{"name":"wp","href":"https:\/\/api.w.org\/{rel}","templated":true}]}}