{"id":1496,"date":"2023-04-05T13:30:44","date_gmt":"2023-04-05T11:30:44","guid":{"rendered":"https:\/\/web.enmp.fr\/?page_id=1496"},"modified":"2026-02-24T18:55:43","modified_gmt":"2026-02-24T17:55:43","slug":"composition-and-film-music","status":"publish","type":"page","link":"https:\/\/www.ecolenormalecortot.com\/en\/les-etudes\/disciplines\/composition-and-film-music\/","title":{"rendered":"Composition and Film Music"},"content":{"rendered":"\n<figure class=\"wp-block-image\"><img decoding=\"async\" src=\"https:\/\/www.ecolenormalecortot.com\/wp-content\/uploads\/2023\/04\/composition-de-musique-de-film--1024x645.jpg\" alt=\"Composition and Film Music\" style=\"aspect-ratio:16\/9;object-fit:cover\"\/><\/figure>\n\n\n\n<p>Under the guidance of composer <a href=\"https:\/\/www.boriginal-music.com\/compositeur\/beatrice-thiriet\/\">B\u00e9atrice Thiriet<\/a>, the School&#8217;s film music composition class offers an innovative training program, allowing students from diverse backgrounds to adapt their compositional practice to visual media. This unique program is designed to help students explore the relationship between music and visual storytelling, preparing them to work on film, television, and video game projects. The class encourages a creative and technical approach to composition, providing tools to understand the emotional impact of music on imagery.<\/p>\n\n\n\n<p>Students develop essential skills for composing music for visual media, working across various genres and collaborating with other creators. The program is rooted in a contemporary perspective on musical creation, allowing students to express their artistic sensitivity while refining their technical abilities. They are trained in writing scores tailored to the demands of the film industry while exploring innovative approaches.<\/p>\n\n\n\n<p>The School\u2019s composition classes also serve as a hub for exchange and collective creation. Through a partnership with Ensemble Variances, students have the opportunity to have their work performed and heard by the public each year\u2014an essential experience for any aspiring composer. This allows them to assess the impact of their music on a professional ensemble while participating in outstanding concerts that showcase their creative work.<\/p>\n\n\n\n<p>At each level, supplementary teaching units are offered, some mandatory and others optional, depending on the chosen curriculum. This flexibility allows students to tailor their educational path while meeting the discipline&#8217;s high standards. Study equivalencies may also be granted, enabling students to receive recognition for prior training and experience. With top-level instruction and concrete collaboration opportunities, students in the School\u2019s film music composition program are fully prepared for careers in the contemporary music industry, whether in film, television, or digital media composition.<\/p>\n\n\n\n<h3 class=\"wp-block-heading has-large-font-size\">New student rates<\/h3>\n\n\n\r\n<div class=\"block-prices\">\r\n    <div class=\"group-title-container\">\r\n        <div class=\"group-title\">Composition and Film Music<\/div>\r\n                    <div class=\"group-title-columns\">\r\n                                    <div class=\"column\">\r\n                        2026\/27                    <\/div>\r\n                            <\/div>\r\n            <\/div>\r\n            <div class=\"prices\">\r\n                            <div class=\"price-row\">\r\n                    <div class=\"title\">\r\n                        Graduate Cycle*\/Advanced Class*                    <\/div>\r\n\r\n                                            <div class=\"row-prices\">\r\n                                                            <div class=\"price\">\r\n                                                                            <span class=\"d-none-md\">2026\/27 : <\/span>\r\n                                                                                                            6&nbsp;010&nbsp;\u20ac                                <\/div>\r\n\r\n                                                    <\/div>\r\n                                    <\/div>\r\n                    <\/div>\r\n    <\/div>\r\n\n\n\n<p class=\"has-small-font-size\"><\/p>\n\n\n\n<p class=\"has-small-font-size\"><strong>*Annual registration fee: <\/strong>\u20ac400<\/p>\n\n\n\n<p class=\"has-small-font-size\"><strong>Administrative fees for foreign students <\/strong>(from outside the European Union and the Council of Europe): 600\u20ac.<\/p>\n\n\n\n<p><a href=\"https:\/\/www.ecolenormalecortot.com\/wp-content\/uploads\/2026\/02\/Financement-etudes-2.pdf\">Guide for study financing<\/a><\/p>\n\n\n\r\n    <a href=\"https:\/\/www.ecolenormalecortot.com\/en\/registrations\/the-admissions-process\/\" target=\"_self\" class=\"block-cta style-cta\">\r\n        APPLY    <\/a>\r\n\n\n\n<h3 class=\"wp-block-heading has-large-font-size\">Student already?<\/h3>\n\n\n\n<p>For further information on fees and payment, please visit <a href=\"https:\/\/student.enmp.fr\/\">the school intranet<\/a>.<\/p>\n\n\n\r\n    <a href=\"https:\/\/student.enmp.fr\/\" target=\"_blank\" class=\"block-cta style-cta\">\r\n        RE-REGISTER    <\/a>\r\n","protected":false},"excerpt":{"rendered":"<p>Sous l\u2019impulsion de la compositrice Beatrice Thiriet, la classe de composition de musique de films de l\u2019Ecole permet \u00e0 des \u00e9l\u00e8ves aux profils diversifi\u00e9s d\u2019adapter leur pratique de la composition \u00e0 l\u2019image.<\/p>\n","protected":false},"author":8,"featured_media":989,"parent":1491,"menu_order":8,"comment_status":"closed","ping_status":"closed","template":"","meta":{"_acf_changed":false,"footnotes":""},"class_list":["post-1496","page","type-page","status-publish","has-post-thumbnail","hentry"],"acf":[],"yoast_head":"<!-- This site is optimized with the Yoast SEO plugin v27.6 - https:\/\/yoast.com\/product\/yoast-seo-wordpress\/ -->\n<title>Composition and Film Music - Ecole Normale de Musique de Paris<\/title>\n<meta name=\"description\" content=\"Discover Composition and Film Music at the School: an exceptional program to create and adapt your music for visual media.\" \/>\n<meta name=\"robots\" content=\"index, follow, max-snippet:-1, max-image-preview:large, max-video-preview:-1\" \/>\n<link rel=\"canonical\" href=\"https:\/\/www.ecolenormalecortot.com\/en\/les-etudes\/disciplines\/composition-and-film-music\/\" \/>\n<meta property=\"og:locale\" content=\"en_US\" \/>\n<meta property=\"og:type\" content=\"article\" \/>\n<meta property=\"og:title\" content=\"Composition and Film Music - Ecole Normale de Musique de Paris\" \/>\n<meta property=\"og:description\" content=\"Discover Composition and Film Music at the School: an exceptional program to create and adapt your music for visual media.\" \/>\n<meta property=\"og:url\" content=\"https:\/\/www.ecolenormalecortot.com\/en\/les-etudes\/disciplines\/composition-and-film-music\/\" \/>\n<meta property=\"og:site_name\" content=\"Ecole Normale de Musique de Paris\" \/>\n<meta property=\"article:modified_time\" content=\"2026-02-24T17:55:43+00:00\" \/>\n<meta property=\"og:image\" content=\"https:\/\/www.ecolenormalecortot.com\/wp-content\/uploads\/2023\/04\/composition-de-musique-de-film-.jpg\" \/>\n\t<meta property=\"og:image:width\" content=\"1100\" \/>\n\t<meta property=\"og:image:height\" content=\"693\" \/>\n\t<meta property=\"og:image:type\" content=\"image\/jpeg\" \/>\n<meta name=\"twitter:card\" content=\"summary_large_image\" \/>\n<meta name=\"twitter:label1\" content=\"Est. reading time\" \/>\n\t<meta name=\"twitter:data1\" content=\"3 minutes\" \/>\n<script type=\"application\/ld+json\" class=\"yoast-schema-graph\">{\"@context\":\"https:\\\/\\\/schema.org\",\"@graph\":[{\"@type\":\"WebPage\",\"@id\":\"https:\\\/\\\/www.ecolenormalecortot.com\\\/en\\\/les-etudes\\\/disciplines\\\/composition-and-film-music\\\/\",\"url\":\"https:\\\/\\\/www.ecolenormalecortot.com\\\/en\\\/les-etudes\\\/disciplines\\\/composition-and-film-music\\\/\",\"name\":\"Composition and Film Music - Ecole Normale de Musique de Paris\",\"isPartOf\":{\"@id\":\"https:\\\/\\\/www.ecolenormalecortot.com\\\/en\\\/#website\"},\"primaryImageOfPage\":{\"@id\":\"https:\\\/\\\/www.ecolenormalecortot.com\\\/en\\\/les-etudes\\\/disciplines\\\/composition-and-film-music\\\/#primaryimage\"},\"image\":{\"@id\":\"https:\\\/\\\/www.ecolenormalecortot.com\\\/en\\\/les-etudes\\\/disciplines\\\/composition-and-film-music\\\/#primaryimage\"},\"thumbnailUrl\":\"https:\\\/\\\/www.ecolenormalecortot.com\\\/wp-content\\\/uploads\\\/2023\\\/04\\\/composition-de-musique-de-film-.jpg\",\"datePublished\":\"2023-04-05T11:30:44+00:00\",\"dateModified\":\"2026-02-24T17:55:43+00:00\",\"description\":\"Discover Composition and Film Music at the School: an exceptional program to create and adapt your music for visual media.\",\"breadcrumb\":{\"@id\":\"https:\\\/\\\/www.ecolenormalecortot.com\\\/en\\\/les-etudes\\\/disciplines\\\/composition-and-film-music\\\/#breadcrumb\"},\"inLanguage\":\"en-US\",\"potentialAction\":[{\"@type\":\"ReadAction\",\"target\":[\"https:\\\/\\\/www.ecolenormalecortot.com\\\/en\\\/les-etudes\\\/disciplines\\\/composition-and-film-music\\\/\"]}]},{\"@type\":\"ImageObject\",\"inLanguage\":\"en-US\",\"@id\":\"https:\\\/\\\/www.ecolenormalecortot.com\\\/en\\\/les-etudes\\\/disciplines\\\/composition-and-film-music\\\/#primaryimage\",\"url\":\"https:\\\/\\\/www.ecolenormalecortot.com\\\/wp-content\\\/uploads\\\/2023\\\/04\\\/composition-de-musique-de-film-.jpg\",\"contentUrl\":\"https:\\\/\\\/www.ecolenormalecortot.com\\\/wp-content\\\/uploads\\\/2023\\\/04\\\/composition-de-musique-de-film-.jpg\",\"width\":1100,\"height\":693},{\"@type\":\"BreadcrumbList\",\"@id\":\"https:\\\/\\\/www.ecolenormalecortot.com\\\/en\\\/les-etudes\\\/disciplines\\\/composition-and-film-music\\\/#breadcrumb\",\"itemListElement\":[{\"@type\":\"ListItem\",\"position\":1,\"name\":\"Accueil\",\"item\":\"https:\\\/\\\/www.ecolenormalecortot.com\\\/en\\\/\"},{\"@type\":\"ListItem\",\"position\":2,\"name\":\"Studies\",\"item\":\"https:\\\/\\\/www.ecolenormalecortot.com\\\/en\\\/les-etudes\\\/\"},{\"@type\":\"ListItem\",\"position\":3,\"name\":\"Departments\",\"item\":\"https:\\\/\\\/www.ecolenormalecortot.com\\\/en\\\/les-etudes\\\/disciplines\\\/\"},{\"@type\":\"ListItem\",\"position\":4,\"name\":\"Composition and Film Music\"}]},{\"@type\":\"WebSite\",\"@id\":\"https:\\\/\\\/www.ecolenormalecortot.com\\\/en\\\/#website\",\"url\":\"https:\\\/\\\/www.ecolenormalecortot.com\\\/en\\\/\",\"name\":\"Ecole Normale de Musique de Paris\",\"description\":\"\",\"publisher\":{\"@id\":\"https:\\\/\\\/www.ecolenormalecortot.com\\\/en\\\/#organization\"},\"potentialAction\":[{\"@type\":\"SearchAction\",\"target\":{\"@type\":\"EntryPoint\",\"urlTemplate\":\"https:\\\/\\\/www.ecolenormalecortot.com\\\/en\\\/?s={search_term_string}\"},\"query-input\":{\"@type\":\"PropertyValueSpecification\",\"valueRequired\":true,\"valueName\":\"search_term_string\"}}],\"inLanguage\":\"en-US\"},{\"@type\":\"Organization\",\"@id\":\"https:\\\/\\\/www.ecolenormalecortot.com\\\/en\\\/#organization\",\"name\":\"Ecole Normale de Musique de Paris\",\"url\":\"https:\\\/\\\/www.ecolenormalecortot.com\\\/en\\\/\",\"logo\":{\"@type\":\"ImageObject\",\"inLanguage\":\"en-US\",\"@id\":\"https:\\\/\\\/www.ecolenormalecortot.com\\\/en\\\/#\\\/schema\\\/logo\\\/image\\\/\",\"url\":\"https:\\\/\\\/www.ecolenormalecortot.com\\\/wp-content\\\/uploads\\\/2023\\\/02\\\/android-chrome-512x512-1.png\",\"contentUrl\":\"https:\\\/\\\/www.ecolenormalecortot.com\\\/wp-content\\\/uploads\\\/2023\\\/02\\\/android-chrome-512x512-1.png\",\"width\":512,\"height\":512,\"caption\":\"Ecole Normale de Musique de Paris\"},\"image\":{\"@id\":\"https:\\\/\\\/www.ecolenormalecortot.com\\\/en\\\/#\\\/schema\\\/logo\\\/image\\\/\"}}]}<\/script>\n<!-- \/ Yoast SEO plugin. -->","yoast_head_json":{"title":"Composition and Film Music - Ecole Normale de Musique de Paris","description":"Discover Composition and Film Music at the School: an exceptional program to create and adapt your music for visual media.","robots":{"index":"index","follow":"follow","max-snippet":"max-snippet:-1","max-image-preview":"max-image-preview:large","max-video-preview":"max-video-preview:-1"},"canonical":"https:\/\/www.ecolenormalecortot.com\/en\/les-etudes\/disciplines\/composition-and-film-music\/","og_locale":"en_US","og_type":"article","og_title":"Composition and Film Music - Ecole Normale de Musique de Paris","og_description":"Discover Composition and Film Music at the School: an exceptional program to create and adapt your music for visual media.","og_url":"https:\/\/www.ecolenormalecortot.com\/en\/les-etudes\/disciplines\/composition-and-film-music\/","og_site_name":"Ecole Normale de Musique de Paris","article_modified_time":"2026-02-24T17:55:43+00:00","og_image":[{"width":1100,"height":693,"url":"https:\/\/www.ecolenormalecortot.com\/wp-content\/uploads\/2023\/04\/composition-de-musique-de-film-.jpg","type":"image\/jpeg"}],"twitter_card":"summary_large_image","twitter_misc":{"Est. reading time":"3 minutes"},"schema":{"@context":"https:\/\/schema.org","@graph":[{"@type":"WebPage","@id":"https:\/\/www.ecolenormalecortot.com\/en\/les-etudes\/disciplines\/composition-and-film-music\/","url":"https:\/\/www.ecolenormalecortot.com\/en\/les-etudes\/disciplines\/composition-and-film-music\/","name":"Composition and Film Music - Ecole Normale de Musique de Paris","isPartOf":{"@id":"https:\/\/www.ecolenormalecortot.com\/en\/#website"},"primaryImageOfPage":{"@id":"https:\/\/www.ecolenormalecortot.com\/en\/les-etudes\/disciplines\/composition-and-film-music\/#primaryimage"},"image":{"@id":"https:\/\/www.ecolenormalecortot.com\/en\/les-etudes\/disciplines\/composition-and-film-music\/#primaryimage"},"thumbnailUrl":"https:\/\/www.ecolenormalecortot.com\/wp-content\/uploads\/2023\/04\/composition-de-musique-de-film-.jpg","datePublished":"2023-04-05T11:30:44+00:00","dateModified":"2026-02-24T17:55:43+00:00","description":"Discover Composition and Film Music at the School: an exceptional program to create and adapt your music for visual media.","breadcrumb":{"@id":"https:\/\/www.ecolenormalecortot.com\/en\/les-etudes\/disciplines\/composition-and-film-music\/#breadcrumb"},"inLanguage":"en-US","potentialAction":[{"@type":"ReadAction","target":["https:\/\/www.ecolenormalecortot.com\/en\/les-etudes\/disciplines\/composition-and-film-music\/"]}]},{"@type":"ImageObject","inLanguage":"en-US","@id":"https:\/\/www.ecolenormalecortot.com\/en\/les-etudes\/disciplines\/composition-and-film-music\/#primaryimage","url":"https:\/\/www.ecolenormalecortot.com\/wp-content\/uploads\/2023\/04\/composition-de-musique-de-film-.jpg","contentUrl":"https:\/\/www.ecolenormalecortot.com\/wp-content\/uploads\/2023\/04\/composition-de-musique-de-film-.jpg","width":1100,"height":693},{"@type":"BreadcrumbList","@id":"https:\/\/www.ecolenormalecortot.com\/en\/les-etudes\/disciplines\/composition-and-film-music\/#breadcrumb","itemListElement":[{"@type":"ListItem","position":1,"name":"Accueil","item":"https:\/\/www.ecolenormalecortot.com\/en\/"},{"@type":"ListItem","position":2,"name":"Studies","item":"https:\/\/www.ecolenormalecortot.com\/en\/les-etudes\/"},{"@type":"ListItem","position":3,"name":"Departments","item":"https:\/\/www.ecolenormalecortot.com\/en\/les-etudes\/disciplines\/"},{"@type":"ListItem","position":4,"name":"Composition and Film Music"}]},{"@type":"WebSite","@id":"https:\/\/www.ecolenormalecortot.com\/en\/#website","url":"https:\/\/www.ecolenormalecortot.com\/en\/","name":"Ecole Normale de Musique de Paris","description":"","publisher":{"@id":"https:\/\/www.ecolenormalecortot.com\/en\/#organization"},"potentialAction":[{"@type":"SearchAction","target":{"@type":"EntryPoint","urlTemplate":"https:\/\/www.ecolenormalecortot.com\/en\/?s={search_term_string}"},"query-input":{"@type":"PropertyValueSpecification","valueRequired":true,"valueName":"search_term_string"}}],"inLanguage":"en-US"},{"@type":"Organization","@id":"https:\/\/www.ecolenormalecortot.com\/en\/#organization","name":"Ecole Normale de Musique de Paris","url":"https:\/\/www.ecolenormalecortot.com\/en\/","logo":{"@type":"ImageObject","inLanguage":"en-US","@id":"https:\/\/www.ecolenormalecortot.com\/en\/#\/schema\/logo\/image\/","url":"https:\/\/www.ecolenormalecortot.com\/wp-content\/uploads\/2023\/02\/android-chrome-512x512-1.png","contentUrl":"https:\/\/www.ecolenormalecortot.com\/wp-content\/uploads\/2023\/02\/android-chrome-512x512-1.png","width":512,"height":512,"caption":"Ecole Normale de Musique de Paris"},"image":{"@id":"https:\/\/www.ecolenormalecortot.com\/en\/#\/schema\/logo\/image\/"}}]}},"_links":{"self":[{"href":"https:\/\/www.ecolenormalecortot.com\/en\/wp-json\/wp\/v2\/pages\/1496","targetHints":{"allow":["GET"]}}],"collection":[{"href":"https:\/\/www.ecolenormalecortot.com\/en\/wp-json\/wp\/v2\/pages"}],"about":[{"href":"https:\/\/www.ecolenormalecortot.com\/en\/wp-json\/wp\/v2\/types\/page"}],"author":[{"embeddable":true,"href":"https:\/\/www.ecolenormalecortot.com\/en\/wp-json\/wp\/v2\/users\/8"}],"replies":[{"embeddable":true,"href":"https:\/\/www.ecolenormalecortot.com\/en\/wp-json\/wp\/v2\/comments?post=1496"}],"version-history":[{"count":22,"href":"https:\/\/www.ecolenormalecortot.com\/en\/wp-json\/wp\/v2\/pages\/1496\/revisions"}],"predecessor-version":[{"id":11999,"href":"https:\/\/www.ecolenormalecortot.com\/en\/wp-json\/wp\/v2\/pages\/1496\/revisions\/11999"}],"up":[{"embeddable":true,"href":"https:\/\/www.ecolenormalecortot.com\/en\/wp-json\/wp\/v2\/pages\/1491"}],"wp:featuredmedia":[{"embeddable":true,"href":"https:\/\/www.ecolenormalecortot.com\/en\/wp-json\/wp\/v2\/media\/989"}],"wp:attachment":[{"href":"https:\/\/www.ecolenormalecortot.com\/en\/wp-json\/wp\/v2\/media?parent=1496"}],"curies":[{"name":"wp","href":"https:\/\/api.w.org\/{rel}","templated":true}]}}