{"id":1436,"date":"2023-04-05T17:07:31","date_gmt":"2023-04-05T15:07:31","guid":{"rendered":"https:\/\/web.enmp.fr\/?page_id=1436"},"modified":"2026-04-14T18:21:18","modified_gmt":"2026-04-14T16:21:18","slug":"les-services-aux-etudiants","status":"publish","type":"page","link":"https:\/\/www.ecolenormalecortot.com\/en\/students-corner\/les-services-aux-etudiants\/","title":{"rendered":"Les services aux \u00e9tudiants"},"content":{"rendered":"\n<h3 class=\"wp-block-heading\">Kin\u00e9sith\u00e9rapie<\/h3>\n\n\n\n<p>Coralie Cousin est pr\u00e9sente \u00e0 l\u2019\u00e9cole une fois par semaine les jeudis salle Samson Fran\u00e7ois.<\/p>\n\n\n\n<p>Consultations individuelles gratuite sur rendez-vous le jeudi de 9 h \u00e0 16 h 30. Vous pouvez prendre rendez-vous par SMS au 06 61 88 56 75 et en sp\u00e9cifiant l\u2019horaire.<\/p>\n\n\n\n<h3 class=\"wp-block-heading\">Accordage et r\u00e9sonance<\/h3>\n\n\n\n<p><strong>Contact : gaia.brunazzo@enmp.fr<\/strong><\/p>\n\n\n\n<p>Pour la gestion du stress et l\u2019am\u00e9lioration de l\u2019expressivit\u00e9 et du bien-\u00eatre dans l\u2019art.<\/p>\n\n\n\n<h3 class=\"wp-block-heading\">Tai-Chi-Chuan<\/h3>\n\n\n\n<p><strong>Contact : boris.voidey@enmp.fr<\/strong><\/p>\n\n\n\n<p>Profitez de cours de Tai-chi-chuan avec Ma\u00eetre Liu Kuang-Chi tous les lundis de 9h \u00e0 13h en Salle Munch. Inscription \u00e0 faire au bureau des \u00e9tudes, dans la limite des places disponibles.<\/p>\n\n\n\n<h3 class=\"wp-block-heading\">La Chaire Num\u00e9rique<\/h3>\n\n\n\n<p><strong>Contact : boris.voidey@enmp.fr<\/strong><\/p>\n\n\n\n<p>L\u2019\u00c9cole a mis en place une Chaire Num\u00e9rique pour former les musiciens interpr\u00e8tes de demain.<\/p>\n\n\n\n<p>Les cours seront agr\u00e9ment\u00e9s de visites d\u2019entreprises et de conf\u00e9rences avec des grands acteurs de la musique et des sp\u00e9cialistes en droit des artistes. Gr\u00e2ce \u00e0 des travaux pratiques, vous pourrez d\u00e9velopper votre empreinte digitale pour communiquer et construire votre profil num\u00e9rique.<\/p>\n\n\n\n<h3 class=\"wp-block-heading\">Diapason<\/h3>\n\n\n\n<p><strong>Contact : bde@enmp.fr<\/strong><\/p>\n\n\n\n<p>Vous recherchez des musiciens pour cr\u00e9er un ensemble ? Des \u00e9tudiants pour r\u00e9p\u00e9ter ?<\/p>\n\n\n\n<p>Inscrivez-vous au programme DIAPASON, pour \u00eatre mis en relation avec d\u2019autres \u00e9tudiants disponibles de l\u2019\u00e9cole !<\/p>\n\n\n\n<p><\/p>\n\n\n\n<p><\/p>\n","protected":false},"excerpt":{"rendered":"<p>Vos contacts \u00e0 l&#8217;\u00c9cole<\/p>\n","protected":false},"author":1,"featured_media":12326,"parent":1431,"menu_order":0,"comment_status":"closed","ping_status":"closed","template":"","meta":{"_acf_changed":false,"footnotes":""},"class_list":["post-1436","page","type-page","status-publish","has-post-thumbnail","hentry"],"acf":[],"yoast_head":"<!-- This site is optimized with the Yoast SEO plugin v27.4 - https:\/\/yoast.com\/product\/yoast-seo-wordpress\/ -->\n<title>Les services aux \u00e9tudiants - Ecole Normale de Musique de Paris<\/title>\n<meta name=\"robots\" content=\"index, follow, max-snippet:-1, max-image-preview:large, max-video-preview:-1\" \/>\n<link rel=\"canonical\" href=\"https:\/\/www.ecolenormalecortot.com\/en\/students-corner\/les-services-aux-etudiants\/\" \/>\n<meta property=\"og:locale\" content=\"en_US\" \/>\n<meta property=\"og:type\" content=\"article\" \/>\n<meta property=\"og:title\" content=\"Les services aux \u00e9tudiants - Ecole Normale de Musique de Paris\" \/>\n<meta property=\"og:description\" content=\"Vos contacts \u00e0 l&#039;\u00c9cole\" \/>\n<meta property=\"og:url\" content=\"https:\/\/www.ecolenormalecortot.com\/en\/students-corner\/les-services-aux-etudiants\/\" \/>\n<meta property=\"og:site_name\" content=\"Ecole Normale de Musique de Paris\" \/>\n<meta property=\"article:modified_time\" content=\"2026-04-14T16:21:18+00:00\" \/>\n<meta property=\"og:image\" content=\"https:\/\/www.ecolenormalecortot.com\/wp-content\/uploads\/2026\/03\/ENMP-CORTOT-55-scaled.jpg\" \/>\n\t<meta property=\"og:image:width\" content=\"2560\" \/>\n\t<meta property=\"og:image:height\" content=\"1703\" \/>\n\t<meta property=\"og:image:type\" content=\"image\/jpeg\" \/>\n<meta name=\"twitter:card\" content=\"summary_large_image\" \/>\n<meta name=\"twitter:label1\" content=\"Est. reading time\" \/>\n\t<meta name=\"twitter:data1\" content=\"2 minutes\" \/>\n<script type=\"application\/ld+json\" class=\"yoast-schema-graph\">{\"@context\":\"https:\\\/\\\/schema.org\",\"@graph\":[{\"@type\":\"WebPage\",\"@id\":\"https:\\\/\\\/www.ecolenormalecortot.com\\\/en\\\/students-corner\\\/les-services-aux-etudiants\\\/\",\"url\":\"https:\\\/\\\/www.ecolenormalecortot.com\\\/en\\\/students-corner\\\/les-services-aux-etudiants\\\/\",\"name\":\"Les services aux \u00e9tudiants - Ecole Normale de Musique de Paris\",\"isPartOf\":{\"@id\":\"https:\\\/\\\/www.ecolenormalecortot.com\\\/en\\\/#website\"},\"primaryImageOfPage\":{\"@id\":\"https:\\\/\\\/www.ecolenormalecortot.com\\\/en\\\/students-corner\\\/les-services-aux-etudiants\\\/#primaryimage\"},\"image\":{\"@id\":\"https:\\\/\\\/www.ecolenormalecortot.com\\\/en\\\/students-corner\\\/les-services-aux-etudiants\\\/#primaryimage\"},\"thumbnailUrl\":\"https:\\\/\\\/www.ecolenormalecortot.com\\\/wp-content\\\/uploads\\\/2026\\\/03\\\/ENMP-CORTOT-55-scaled.jpg\",\"datePublished\":\"2023-04-05T15:07:31+00:00\",\"dateModified\":\"2026-04-14T16:21:18+00:00\",\"breadcrumb\":{\"@id\":\"https:\\\/\\\/www.ecolenormalecortot.com\\\/en\\\/students-corner\\\/les-services-aux-etudiants\\\/#breadcrumb\"},\"inLanguage\":\"en-US\",\"potentialAction\":[{\"@type\":\"ReadAction\",\"target\":[\"https:\\\/\\\/www.ecolenormalecortot.com\\\/en\\\/students-corner\\\/les-services-aux-etudiants\\\/\"]}]},{\"@type\":\"ImageObject\",\"inLanguage\":\"en-US\",\"@id\":\"https:\\\/\\\/www.ecolenormalecortot.com\\\/en\\\/students-corner\\\/les-services-aux-etudiants\\\/#primaryimage\",\"url\":\"https:\\\/\\\/www.ecolenormalecortot.com\\\/wp-content\\\/uploads\\\/2026\\\/03\\\/ENMP-CORTOT-55-scaled.jpg\",\"contentUrl\":\"https:\\\/\\\/www.ecolenormalecortot.com\\\/wp-content\\\/uploads\\\/2026\\\/03\\\/ENMP-CORTOT-55-scaled.jpg\",\"width\":2560,\"height\":1703},{\"@type\":\"BreadcrumbList\",\"@id\":\"https:\\\/\\\/www.ecolenormalecortot.com\\\/en\\\/students-corner\\\/les-services-aux-etudiants\\\/#breadcrumb\",\"itemListElement\":[{\"@type\":\"ListItem\",\"position\":1,\"name\":\"Accueil\",\"item\":\"https:\\\/\\\/www.ecolenormalecortot.com\\\/en\\\/\"},{\"@type\":\"ListItem\",\"position\":2,\"name\":\"Student&rsquo;s corner\",\"item\":\"https:\\\/\\\/www.ecolenormalecortot.com\\\/en\\\/students-corner\\\/\"},{\"@type\":\"ListItem\",\"position\":3,\"name\":\"Les services aux \u00e9tudiants\"}]},{\"@type\":\"WebSite\",\"@id\":\"https:\\\/\\\/www.ecolenormalecortot.com\\\/en\\\/#website\",\"url\":\"https:\\\/\\\/www.ecolenormalecortot.com\\\/en\\\/\",\"name\":\"Ecole Normale de Musique de Paris\",\"description\":\"\",\"publisher\":{\"@id\":\"https:\\\/\\\/www.ecolenormalecortot.com\\\/en\\\/#organization\"},\"potentialAction\":[{\"@type\":\"SearchAction\",\"target\":{\"@type\":\"EntryPoint\",\"urlTemplate\":\"https:\\\/\\\/www.ecolenormalecortot.com\\\/en\\\/?s={search_term_string}\"},\"query-input\":{\"@type\":\"PropertyValueSpecification\",\"valueRequired\":true,\"valueName\":\"search_term_string\"}}],\"inLanguage\":\"en-US\"},{\"@type\":\"Organization\",\"@id\":\"https:\\\/\\\/www.ecolenormalecortot.com\\\/en\\\/#organization\",\"name\":\"Ecole Normale de Musique de Paris\",\"url\":\"https:\\\/\\\/www.ecolenormalecortot.com\\\/en\\\/\",\"logo\":{\"@type\":\"ImageObject\",\"inLanguage\":\"en-US\",\"@id\":\"https:\\\/\\\/www.ecolenormalecortot.com\\\/en\\\/#\\\/schema\\\/logo\\\/image\\\/\",\"url\":\"https:\\\/\\\/www.ecolenormalecortot.com\\\/wp-content\\\/uploads\\\/2023\\\/02\\\/android-chrome-512x512-1.png\",\"contentUrl\":\"https:\\\/\\\/www.ecolenormalecortot.com\\\/wp-content\\\/uploads\\\/2023\\\/02\\\/android-chrome-512x512-1.png\",\"width\":512,\"height\":512,\"caption\":\"Ecole Normale de Musique de Paris\"},\"image\":{\"@id\":\"https:\\\/\\\/www.ecolenormalecortot.com\\\/en\\\/#\\\/schema\\\/logo\\\/image\\\/\"}}]}<\/script>\n<!-- \/ Yoast SEO plugin. -->","yoast_head_json":{"title":"Les services aux \u00e9tudiants - Ecole Normale de Musique de Paris","robots":{"index":"index","follow":"follow","max-snippet":"max-snippet:-1","max-image-preview":"max-image-preview:large","max-video-preview":"max-video-preview:-1"},"canonical":"https:\/\/www.ecolenormalecortot.com\/en\/students-corner\/les-services-aux-etudiants\/","og_locale":"en_US","og_type":"article","og_title":"Les services aux \u00e9tudiants - Ecole Normale de Musique de Paris","og_description":"Vos contacts \u00e0 l'\u00c9cole","og_url":"https:\/\/www.ecolenormalecortot.com\/en\/students-corner\/les-services-aux-etudiants\/","og_site_name":"Ecole Normale de Musique de Paris","article_modified_time":"2026-04-14T16:21:18+00:00","og_image":[{"width":2560,"height":1703,"url":"https:\/\/www.ecolenormalecortot.com\/wp-content\/uploads\/2026\/03\/ENMP-CORTOT-55-scaled.jpg","type":"image\/jpeg"}],"twitter_card":"summary_large_image","twitter_misc":{"Est. reading time":"2 minutes"},"schema":{"@context":"https:\/\/schema.org","@graph":[{"@type":"WebPage","@id":"https:\/\/www.ecolenormalecortot.com\/en\/students-corner\/les-services-aux-etudiants\/","url":"https:\/\/www.ecolenormalecortot.com\/en\/students-corner\/les-services-aux-etudiants\/","name":"Les services aux \u00e9tudiants - Ecole Normale de Musique de Paris","isPartOf":{"@id":"https:\/\/www.ecolenormalecortot.com\/en\/#website"},"primaryImageOfPage":{"@id":"https:\/\/www.ecolenormalecortot.com\/en\/students-corner\/les-services-aux-etudiants\/#primaryimage"},"image":{"@id":"https:\/\/www.ecolenormalecortot.com\/en\/students-corner\/les-services-aux-etudiants\/#primaryimage"},"thumbnailUrl":"https:\/\/www.ecolenormalecortot.com\/wp-content\/uploads\/2026\/03\/ENMP-CORTOT-55-scaled.jpg","datePublished":"2023-04-05T15:07:31+00:00","dateModified":"2026-04-14T16:21:18+00:00","breadcrumb":{"@id":"https:\/\/www.ecolenormalecortot.com\/en\/students-corner\/les-services-aux-etudiants\/#breadcrumb"},"inLanguage":"en-US","potentialAction":[{"@type":"ReadAction","target":["https:\/\/www.ecolenormalecortot.com\/en\/students-corner\/les-services-aux-etudiants\/"]}]},{"@type":"ImageObject","inLanguage":"en-US","@id":"https:\/\/www.ecolenormalecortot.com\/en\/students-corner\/les-services-aux-etudiants\/#primaryimage","url":"https:\/\/www.ecolenormalecortot.com\/wp-content\/uploads\/2026\/03\/ENMP-CORTOT-55-scaled.jpg","contentUrl":"https:\/\/www.ecolenormalecortot.com\/wp-content\/uploads\/2026\/03\/ENMP-CORTOT-55-scaled.jpg","width":2560,"height":1703},{"@type":"BreadcrumbList","@id":"https:\/\/www.ecolenormalecortot.com\/en\/students-corner\/les-services-aux-etudiants\/#breadcrumb","itemListElement":[{"@type":"ListItem","position":1,"name":"Accueil","item":"https:\/\/www.ecolenormalecortot.com\/en\/"},{"@type":"ListItem","position":2,"name":"Student&rsquo;s corner","item":"https:\/\/www.ecolenormalecortot.com\/en\/students-corner\/"},{"@type":"ListItem","position":3,"name":"Les services aux \u00e9tudiants"}]},{"@type":"WebSite","@id":"https:\/\/www.ecolenormalecortot.com\/en\/#website","url":"https:\/\/www.ecolenormalecortot.com\/en\/","name":"Ecole Normale de Musique de Paris","description":"","publisher":{"@id":"https:\/\/www.ecolenormalecortot.com\/en\/#organization"},"potentialAction":[{"@type":"SearchAction","target":{"@type":"EntryPoint","urlTemplate":"https:\/\/www.ecolenormalecortot.com\/en\/?s={search_term_string}"},"query-input":{"@type":"PropertyValueSpecification","valueRequired":true,"valueName":"search_term_string"}}],"inLanguage":"en-US"},{"@type":"Organization","@id":"https:\/\/www.ecolenormalecortot.com\/en\/#organization","name":"Ecole Normale de Musique de Paris","url":"https:\/\/www.ecolenormalecortot.com\/en\/","logo":{"@type":"ImageObject","inLanguage":"en-US","@id":"https:\/\/www.ecolenormalecortot.com\/en\/#\/schema\/logo\/image\/","url":"https:\/\/www.ecolenormalecortot.com\/wp-content\/uploads\/2023\/02\/android-chrome-512x512-1.png","contentUrl":"https:\/\/www.ecolenormalecortot.com\/wp-content\/uploads\/2023\/02\/android-chrome-512x512-1.png","width":512,"height":512,"caption":"Ecole Normale de Musique de Paris"},"image":{"@id":"https:\/\/www.ecolenormalecortot.com\/en\/#\/schema\/logo\/image\/"}}]}},"_links":{"self":[{"href":"https:\/\/www.ecolenormalecortot.com\/en\/wp-json\/wp\/v2\/pages\/1436","targetHints":{"allow":["GET"]}}],"collection":[{"href":"https:\/\/www.ecolenormalecortot.com\/en\/wp-json\/wp\/v2\/pages"}],"about":[{"href":"https:\/\/www.ecolenormalecortot.com\/en\/wp-json\/wp\/v2\/types\/page"}],"author":[{"embeddable":true,"href":"https:\/\/www.ecolenormalecortot.com\/en\/wp-json\/wp\/v2\/users\/1"}],"replies":[{"embeddable":true,"href":"https:\/\/www.ecolenormalecortot.com\/en\/wp-json\/wp\/v2\/comments?post=1436"}],"version-history":[{"count":11,"href":"https:\/\/www.ecolenormalecortot.com\/en\/wp-json\/wp\/v2\/pages\/1436\/revisions"}],"predecessor-version":[{"id":12462,"href":"https:\/\/www.ecolenormalecortot.com\/en\/wp-json\/wp\/v2\/pages\/1436\/revisions\/12462"}],"up":[{"embeddable":true,"href":"https:\/\/www.ecolenormalecortot.com\/en\/wp-json\/wp\/v2\/pages\/1431"}],"wp:featuredmedia":[{"embeddable":true,"href":"https:\/\/www.ecolenormalecortot.com\/en\/wp-json\/wp\/v2\/media\/12326"}],"wp:attachment":[{"href":"https:\/\/www.ecolenormalecortot.com\/en\/wp-json\/wp\/v2\/media?parent=1436"}],"curies":[{"name":"wp","href":"https:\/\/api.w.org\/{rel}","templated":true}]}}